{"id":210,"date":"2022-02-17T21:08:58","date_gmt":"2022-02-17T21:08:58","guid":{"rendered":"https:\/\/www.toesstaler-marionetten.ch\/?page_id=210"},"modified":"2023-02-02T13:10:14","modified_gmt":"2023-02-02T13:10:14","slug":"ronja-raeubertochter","status":"publish","type":"page","link":"https:\/\/www.toesstaler-marionetten.ch\/?page_id=210","title":{"rendered":"Ronja R\u00e4ubertochter"},"content":{"rendered":"\t\t<div data-elementor-type=\"wp-page\" data-elementor-id=\"210\" class=\"elementor elementor-210\">\n\t\t\t\t\t\t\t\t\t<section class=\"elementor-section elementor-top-section elementor-element elementor-element-b6af259 elementor-section-boxed elementor-section-height-default elementor-section-height-default\" data-id=\"b6af259\" data-element_type=\"section\">\n\t\t\t\t\t\t<div class=\"elementor-container elementor-column-gap-extended\">\n\t\t\t\t\t<div class=\"elementor-column elementor-col-33 elementor-top-column elementor-element elementor-element-d70e08d sc_layouts_column_icons_position_left\" data-id=\"d70e08d\" data-element_type=\"column\">\n\t\t\t<div class=\"elementor-widget-wrap elementor-element-populated\">\n\t\t\t\t\t\t\t\t<div class=\"elementor-element elementor-element-def4cb5 elementor-widget elementor-widget-image\" data-id=\"def4cb5\" data-element_type=\"widget\" data-widget_type=\"image.default\">\n\t\t\t\t<div class=\"elementor-widget-container\">\n\t\t\t<style>\/*! elementor - v3.6.5 - 27-04-2022 *\/\n.elementor-widget-image{text-align:center}.elementor-widget-image a{display:inline-block}.elementor-widget-image a img[src$=\".svg\"]{width:48px}.elementor-widget-image img{vertical-align:middle;display:inline-block}<\/style>\t\t\t\t\t\t\t\t\t\t\t\t<img decoding=\"async\" width=\"687\" height=\"1024\" src=\"https:\/\/www.toesstaler-marionetten.ch\/wp-content\/uploads\/2022\/10\/DSC09930-1-687x1024.jpg\" class=\"attachment-large size-large\" alt=\"\" loading=\"lazy\" srcset=\"https:\/\/www.toesstaler-marionetten.ch\/wp-content\/uploads\/2022\/10\/DSC09930-1-687x1024.jpg 687w, https:\/\/www.toesstaler-marionetten.ch\/wp-content\/uploads\/2022\/10\/DSC09930-1-201x300.jpg 201w, https:\/\/www.toesstaler-marionetten.ch\/wp-content\/uploads\/2022\/10\/DSC09930-1-768x1144.jpg 768w, https:\/\/www.toesstaler-marionetten.ch\/wp-content\/uploads\/2022\/10\/DSC09930-1-1031x1536.jpg 1031w, https:\/\/www.toesstaler-marionetten.ch\/wp-content\/uploads\/2022\/10\/DSC09930-1-1375x2048.jpg 1375w, https:\/\/www.toesstaler-marionetten.ch\/wp-content\/uploads\/2022\/10\/DSC09930-1-370x551.jpg 370w, https:\/\/www.toesstaler-marionetten.ch\/wp-content\/uploads\/2022\/10\/DSC09930-1-812x1210.jpg 812w, https:\/\/www.toesstaler-marionetten.ch\/wp-content\/uploads\/2022\/10\/DSC09930-1-406x605.jpg 406w, https:\/\/www.toesstaler-marionetten.ch\/wp-content\/uploads\/2022\/10\/DSC09930-1-scaled.jpg 1718w\" sizes=\"(max-width: 687px) 100vw, 687px\" \/>\t\t\t\t\t\t\t\t\t\t\t\t\t\t\t<\/div>\n\t\t\t\t<\/div>\n\t\t\t\t\t<\/div>\n\t\t<\/div>\n\t\t\t\t<div class=\"elementor-column elementor-col-66 elementor-top-column elementor-element elementor-element-f574772 sc_layouts_column_icons_position_left\" data-id=\"f574772\" data-element_type=\"column\">\n\t\t\t<div class=\"elementor-widget-wrap elementor-element-populated\">\n\t\t\t\t\t\t\t\t<div class=\"elementor-element elementor-element-1e22489 elementor-widget elementor-widget-text-editor\" data-id=\"1e22489\" data-element_type=\"widget\" data-widget_type=\"text-editor.default\">\n\t\t\t\t<div class=\"elementor-widget-container\">\n\t\t\t<style>\/*! elementor - v3.6.5 - 27-04-2022 *\/\n.elementor-widget-text-editor.elementor-drop-cap-view-stacked .elementor-drop-cap{background-color:#818a91;color:#fff}.elementor-widget-text-editor.elementor-drop-cap-view-framed .elementor-drop-cap{color:#818a91;border:3px solid;background-color:transparent}.elementor-widget-text-editor:not(.elementor-drop-cap-view-default) .elementor-drop-cap{margin-top:8px}.elementor-widget-text-editor:not(.elementor-drop-cap-view-default) .elementor-drop-cap-letter{width:1em;height:1em}.elementor-widget-text-editor .elementor-drop-cap{float:left;text-align:center;line-height:1;font-size:50px}.elementor-widget-text-editor .elementor-drop-cap-letter{display:inline-block}<\/style>\t\t\t\t<p style=\"font-family: 'Open Sans', sans-serif; font-style: normal; margin-bottom: 1.15em;\"><span style=\"font-family: Georgia; font-size: 17.3333px;\"><b>Ronja R\u00e4ubertochter<\/b><\/span><\/p><p style=\"margin: 0cm; font-size: 12pt; font-family: Calibri, sans-serif; color: #000000; font-style: normal; font-weight: 400; text-align: justify;\"><span style=\"font-family: 'Times New Roman', serif;\">Geboren in einer Gewitternacht w\u00e4chst die mutige Ronja inmitten einer wilden R\u00e4uberbande auf, deren Hauptmann ihr rauer aber liebender Vater Matis ist.<\/span><span style=\"font-family: 'Times New Roman', serif; font-size: 16px;\">\u00a0Sie entdeckt die Freiheit der W\u00e4ldern und sorgt f\u00fcr Unruhen als sie sich mit Birk, dem Sohn des verfeindeten R\u00e4uberhauptmann Borka, anfreundet.<\/span><\/p><p style=\"margin: 0cm; font-size: 12pt; font-family: Calibri, sans-serif; color: #000000; font-style: normal; font-weight: 400; text-align: justify;\"><span style=\"font-family: 'Times New Roman', serif; font-size: 16px;\">Die Wiederaufnahme des Lindgren-Klassiker ist mit viel Liebe, Witz und musikalischen Darbietungen inszeniert \u2013 ein B\u00fchnenerlebnis f\u00fcr die ganze Familie!\u00a0<\/span><\/p><p style=\"font-family: 'Open Sans', sans-serif; font-size: 17px; font-weight: 400; font-style: normal; margin-bottom: 1.15em;\"><span style=\"font-family: Georgia; font-size: 10pt;\">Tickets unter:\u00a0<\/span><a style=\"font-size: 15px; background-color: #ffffff;\" href=\"https:\/\/eventlicht.ch\/spielplan\" target=\"_blank\" rel=\"noopener\">eventlicht.ch<\/a><\/p><p style=\"font-family: 'Open Sans', sans-serif; font-size: 17px; font-weight: 400; font-style: normal; margin-bottom: 1.15em;\">Spielzeit: 70 min. Geeignet ab 6 Jahren (oder f\u00fcr mutige 5-J\u00e4hrige)<\/p><h6>\u00a0<\/h6><h6>\u00a0<\/h6><h6 style=\"font-style: normal; margin-bottom: 1.15em;\"><span style=\"font-family: Georgia; font-size: 10pt; font-weight: 400;\"><strong>Spiel:<\/strong> Seraphin Schlager, Luca Jehle, Sarina Jenni, Mich\u00e8le Hegi, Carmen Nu\u00f1<\/span><span style=\"font-family: Georgia; font-size: 10pt; font-weight: 400;\">ez<\/span><\/h6><h6 style=\"font-style: normal; margin-bottom: 1.15em;\"><span style=\"font-family: Georgia; font-size: 13.333333015441895px; font-style: normal;\"><strong>Regie:<\/strong> Mike Dumitrescu, Seraphin Schlager<\/span><\/h6><h6 style=\"font-style: normal; margin-bottom: 1.15em;\"><span style=\"font-family: Georgia; font-size: 10pt;\"><strong>Figuren:<\/strong> Mimi Bu\u0308hlmann, Werner Bu\u0308hlmann<\/span><\/h6><h6 style=\"font-style: normal; margin-bottom: 1.15em;\"><span style=\"font-family: Georgia; font-size: 10pt;\"><strong>B\u00fchnenbild:<\/strong> Lukas Roth<\/span><\/h6><h6 style=\"font-style: normal; margin-bottom: 1.15em;\"><span style=\"font-family: Georgia; font-size: 10pt;\"><strong>Fotos:<\/strong> Gregory Hegi<\/span><\/h6>\t\t\t\t\t\t<\/div>\n\t\t\t\t<\/div>\n\t\t\t\t\t<\/div>\n\t\t<\/div>\n\t\t\t\t\t\t\t<\/div>\n\t\t<\/section>\n\t\t\t\t<section class=\"elementor-section elementor-top-section elementor-element elementor-element-89528d0 elementor-section-boxed elementor-section-height-default elementor-section-height-default\" data-id=\"89528d0\" data-element_type=\"section\">\n\t\t\t\t\t\t<div class=\"elementor-container elementor-column-gap-extended\">\n\t\t\t\t\t<div class=\"elementor-column elementor-col-50 elementor-top-column elementor-element elementor-element-81469f5 sc_layouts_column_icons_position_left\" data-id=\"81469f5\" data-element_type=\"column\">\n\t\t\t<div class=\"elementor-widget-wrap elementor-element-populated\">\n\t\t\t\t\t\t\t\t<div class=\"elementor-element elementor-element-c3f20af elementor-widget elementor-widget-image\" data-id=\"c3f20af\" data-element_type=\"widget\" data-widget_type=\"image.default\">\n\t\t\t\t<div class=\"elementor-widget-container\">\n\t\t\t\t\t\t\t\t\t\t\t\t\t\t\t<img decoding=\"async\" width=\"1024\" height=\"683\" src=\"https:\/\/www.toesstaler-marionetten.ch\/wp-content\/uploads\/2022\/10\/DSC09816-1024x683.jpg\" class=\"attachment-large size-large\" alt=\"\" loading=\"lazy\" srcset=\"https:\/\/www.toesstaler-marionetten.ch\/wp-content\/uploads\/2022\/10\/DSC09816-1024x683.jpg 1024w, https:\/\/www.toesstaler-marionetten.ch\/wp-content\/uploads\/2022\/10\/DSC09816-300x200.jpg 300w, https:\/\/www.toesstaler-marionetten.ch\/wp-content\/uploads\/2022\/10\/DSC09816-768x512.jpg 768w, https:\/\/www.toesstaler-marionetten.ch\/wp-content\/uploads\/2022\/10\/DSC09816-1536x1025.jpg 1536w, https:\/\/www.toesstaler-marionetten.ch\/wp-content\/uploads\/2022\/10\/DSC09816-2048x1366.jpg 2048w, https:\/\/www.toesstaler-marionetten.ch\/wp-content\/uploads\/2022\/10\/DSC09816-370x247.jpg 370w, https:\/\/www.toesstaler-marionetten.ch\/wp-content\/uploads\/2022\/10\/DSC09816-812x542.jpg 812w, https:\/\/www.toesstaler-marionetten.ch\/wp-content\/uploads\/2022\/10\/DSC09816-406x271.jpg 406w\" sizes=\"(max-width: 1024px) 100vw, 1024px\" \/>\t\t\t\t\t\t\t\t\t\t\t\t\t\t\t<\/div>\n\t\t\t\t<\/div>\n\t\t\t\t\t<\/div>\n\t\t<\/div>\n\t\t\t\t<div class=\"elementor-column elementor-col-50 elementor-top-column elementor-element elementor-element-ffcd21f sc_layouts_column_icons_position_left\" data-id=\"ffcd21f\" data-element_type=\"column\">\n\t\t\t<div class=\"elementor-widget-wrap elementor-element-populated\">\n\t\t\t\t\t\t\t\t<div class=\"elementor-element elementor-element-cfbf7d8 elementor-widget elementor-widget-image\" data-id=\"cfbf7d8\" data-element_type=\"widget\" data-widget_type=\"image.default\">\n\t\t\t\t<div class=\"elementor-widget-container\">\n\t\t\t\t\t\t\t\t\t\t\t\t\t\t\t<img decoding=\"async\" src=\"https:\/\/www.toesstaler-marionetten.ch\/wp-content\/uploads\/2022\/10\/DSC09863-scaled.jpg\" title=\"DSC09863\" alt=\"DSC09863\" \/>\t\t\t\t\t\t\t\t\t\t\t\t\t\t\t<\/div>\n\t\t\t\t<\/div>\n\t\t\t\t\t<\/div>\n\t\t<\/div>\n\t\t\t\t\t\t\t<\/div>\n\t\t<\/section>\n\t\t\t\t<section class=\"elementor-section elementor-top-section elementor-element elementor-element-f49ffd4 elementor-section-boxed elementor-section-height-default elementor-section-height-default\" data-id=\"f49ffd4\" data-element_type=\"section\">\n\t\t\t\t\t\t<div class=\"elementor-container elementor-column-gap-extended\">\n\t\t\t\t\t<div class=\"elementor-column elementor-col-100 elementor-top-column elementor-element elementor-element-98ae652 sc_layouts_column_icons_position_left\" data-id=\"98ae652\" data-element_type=\"column\">\n\t\t\t<div class=\"elementor-widget-wrap elementor-element-populated\">\n\t\t\t\t\t\t\t\t\t<\/div>\n\t\t<\/div>\n\t\t\t\t\t\t\t<\/div>\n\t\t<\/section>\n\t\t\t\t<section class=\"elementor-section elementor-top-section elementor-element elementor-element-318cdd0 elementor-section-boxed elementor-section-height-default elementor-section-height-default\" data-id=\"318cdd0\" data-element_type=\"section\">\n\t\t\t\t\t\t<div class=\"elementor-container elementor-column-gap-extended\">\n\t\t\t\t\t<div class=\"elementor-column elementor-col-33 elementor-top-column elementor-element elementor-element-3350240 sc_layouts_column_icons_position_left\" data-id=\"3350240\" data-element_type=\"column\">\n\t\t\t<div class=\"elementor-widget-wrap elementor-element-populated\">\n\t\t\t\t\t\t\t\t<div class=\"elementor-element elementor-element-3f5e66c elementor-widget elementor-widget-image\" data-id=\"3f5e66c\" data-element_type=\"widget\" data-widget_type=\"image.default\">\n\t\t\t\t<div class=\"elementor-widget-container\">\n\t\t\t\t\t\t\t\t\t\t\t\t\t\t\t<img decoding=\"async\" width=\"1024\" height=\"844\" src=\"https:\/\/www.toesstaler-marionetten.ch\/wp-content\/uploads\/2022\/10\/DSC09719-1024x844.jpg\" class=\"attachment-large size-large\" alt=\"\" loading=\"lazy\" srcset=\"https:\/\/www.toesstaler-marionetten.ch\/wp-content\/uploads\/2022\/10\/DSC09719-1024x844.jpg 1024w, https:\/\/www.toesstaler-marionetten.ch\/wp-content\/uploads\/2022\/10\/DSC09719-300x247.jpg 300w, https:\/\/www.toesstaler-marionetten.ch\/wp-content\/uploads\/2022\/10\/DSC09719-768x633.jpg 768w, https:\/\/www.toesstaler-marionetten.ch\/wp-content\/uploads\/2022\/10\/DSC09719-1536x1265.jpg 1536w, https:\/\/www.toesstaler-marionetten.ch\/wp-content\/uploads\/2022\/10\/DSC09719-2048x1687.jpg 2048w, https:\/\/www.toesstaler-marionetten.ch\/wp-content\/uploads\/2022\/10\/DSC09719-370x305.jpg 370w, https:\/\/www.toesstaler-marionetten.ch\/wp-content\/uploads\/2022\/10\/DSC09719-812x669.jpg 812w, https:\/\/www.toesstaler-marionetten.ch\/wp-content\/uploads\/2022\/10\/DSC09719-406x334.jpg 406w\" sizes=\"(max-width: 1024px) 100vw, 1024px\" \/>\t\t\t\t\t\t\t\t\t\t\t\t\t\t\t<\/div>\n\t\t\t\t<\/div>\n\t\t\t\t\t<\/div>\n\t\t<\/div>\n\t\t\t\t<div class=\"elementor-column elementor-col-33 elementor-top-column elementor-element elementor-element-d0148fc sc_layouts_column_icons_position_left\" data-id=\"d0148fc\" data-element_type=\"column\">\n\t\t\t<div class=\"elementor-widget-wrap elementor-element-populated\">\n\t\t\t\t\t\t\t\t<div class=\"elementor-element elementor-element-7dc748e elementor-widget elementor-widget-image\" data-id=\"7dc748e\" data-element_type=\"widget\" data-widget_type=\"image.default\">\n\t\t\t\t<div class=\"elementor-widget-container\">\n\t\t\t\t\t\t\t\t\t\t\t\t\t\t\t<img decoding=\"async\" width=\"1024\" height=\"856\" src=\"https:\/\/www.toesstaler-marionetten.ch\/wp-content\/uploads\/2022\/10\/DSC09867-1024x856.jpg\" class=\"attachment-large size-large\" alt=\"\" loading=\"lazy\" srcset=\"https:\/\/www.toesstaler-marionetten.ch\/wp-content\/uploads\/2022\/10\/DSC09867-1024x856.jpg 1024w, https:\/\/www.toesstaler-marionetten.ch\/wp-content\/uploads\/2022\/10\/DSC09867-300x251.jpg 300w, https:\/\/www.toesstaler-marionetten.ch\/wp-content\/uploads\/2022\/10\/DSC09867-768x642.jpg 768w, https:\/\/www.toesstaler-marionetten.ch\/wp-content\/uploads\/2022\/10\/DSC09867-1536x1284.jpg 1536w, https:\/\/www.toesstaler-marionetten.ch\/wp-content\/uploads\/2022\/10\/DSC09867-2048x1712.jpg 2048w, https:\/\/www.toesstaler-marionetten.ch\/wp-content\/uploads\/2022\/10\/DSC09867-370x309.jpg 370w, https:\/\/www.toesstaler-marionetten.ch\/wp-content\/uploads\/2022\/10\/DSC09867-812x679.jpg 812w, https:\/\/www.toesstaler-marionetten.ch\/wp-content\/uploads\/2022\/10\/DSC09867-406x339.jpg 406w\" sizes=\"(max-width: 1024px) 100vw, 1024px\" \/>\t\t\t\t\t\t\t\t\t\t\t\t\t\t\t<\/div>\n\t\t\t\t<\/div>\n\t\t\t\t\t<\/div>\n\t\t<\/div>\n\t\t\t\t<div class=\"elementor-column elementor-col-33 elementor-top-column elementor-element elementor-element-b33c9e6 sc_layouts_column_icons_position_left\" data-id=\"b33c9e6\" data-element_type=\"column\">\n\t\t\t<div class=\"elementor-widget-wrap elementor-element-populated\">\n\t\t\t\t\t\t\t\t<div class=\"elementor-element elementor-element-acf4d08 elementor-widget elementor-widget-image\" data-id=\"acf4d08\" data-element_type=\"widget\" data-widget_type=\"image.default\">\n\t\t\t\t<div class=\"elementor-widget-container\">\n\t\t\t\t\t\t\t\t\t\t\t\t\t\t\t<img decoding=\"async\" width=\"614\" height=\"1024\" src=\"https:\/\/www.toesstaler-marionetten.ch\/wp-content\/uploads\/2022\/10\/DSC09894-614x1024.jpg\" class=\"attachment-large size-large\" alt=\"\" loading=\"lazy\" srcset=\"https:\/\/www.toesstaler-marionetten.ch\/wp-content\/uploads\/2022\/10\/DSC09894-614x1024.jpg 614w, https:\/\/www.toesstaler-marionetten.ch\/wp-content\/uploads\/2022\/10\/DSC09894-180x300.jpg 180w, https:\/\/www.toesstaler-marionetten.ch\/wp-content\/uploads\/2022\/10\/DSC09894-768x1281.jpg 768w, https:\/\/www.toesstaler-marionetten.ch\/wp-content\/uploads\/2022\/10\/DSC09894-921x1536.jpg 921w, https:\/\/www.toesstaler-marionetten.ch\/wp-content\/uploads\/2022\/10\/DSC09894-1228x2048.jpg 1228w, https:\/\/www.toesstaler-marionetten.ch\/wp-content\/uploads\/2022\/10\/DSC09894-370x617.jpg 370w, https:\/\/www.toesstaler-marionetten.ch\/wp-content\/uploads\/2022\/10\/DSC09894-812x1354.jpg 812w, https:\/\/www.toesstaler-marionetten.ch\/wp-content\/uploads\/2022\/10\/DSC09894-406x677.jpg 406w, https:\/\/www.toesstaler-marionetten.ch\/wp-content\/uploads\/2022\/10\/DSC09894-scaled.jpg 1535w\" sizes=\"(max-width: 614px) 100vw, 614px\" \/>\t\t\t\t\t\t\t\t\t\t\t\t\t\t\t<\/div>\n\t\t\t\t<\/div>\n\t\t\t\t\t<\/div>\n\t\t<\/div>\n\t\t\t\t\t\t\t<\/div>\n\t\t<\/section>\n\t\t\t\t<section class=\"elementor-section elementor-top-section elementor-element elementor-element-4fb2e41 elementor-section-boxed elementor-section-height-default elementor-section-height-default\" data-id=\"4fb2e41\" data-element_type=\"section\">\n\t\t\t\t\t\t<div class=\"elementor-container elementor-column-gap-extended\">\n\t\t\t\t\t<div class=\"elementor-column elementor-col-100 elementor-top-column elementor-element elementor-element-a810a2a sc_layouts_column_icons_position_left\" data-id=\"a810a2a\" data-element_type=\"column\">\n\t\t\t<div class=\"elementor-widget-wrap elementor-element-populated\">\n\t\t\t\t\t\t\t\t<div class=\"elementor-element elementor-element-4874082 elementor-widget elementor-widget-text-editor\" data-id=\"4874082\" data-element_type=\"widget\" data-widget_type=\"text-editor.default\">\n\t\t\t\t<div class=\"elementor-widget-container\">\n\t\t\t\t\t\t\t<h6 style=\"text-align: center;\"><strong><span style=\"color: #151414; font-family: Georgia;\"><span style=\"font-size: 13.3333px; letter-spacing: 1px;\">Buchung und Auskunft<\/span><\/span><\/strong><\/h6>\n<h6 style=\"text-align: center;\"><span style=\"color: #151414; font-family: Georgia;\"><span style=\"font-size: 13.3333px; letter-spacing: 1px;\"><b>Seraphin Schlager<\/b><\/span><\/span><\/h6>\n<h6 style=\"text-align: center;\"><span style=\"color: #151414; font-family: Georgia;\"><span style=\"font-size: 13.3333px; letter-spacing: 1px;\"><b>seraphin@toesstaler-marionetten.ch<\/b><\/span><\/span><\/h6>\n<h6 style=\"text-align: center;\"><span style=\"color: #151414; font-family: Georgia;\"><span style=\"font-size: 13.3333px; letter-spacing: 1px;\"><b>+41 (0)77 485 81 05<\/b><\/span><\/span><\/h6>\t\t\t\t\t\t<\/div>\n\t\t\t\t<\/div>\n\t\t\t\t\t<\/div>\n\t\t<\/div>\n\t\t\t\t\t\t\t<\/div>\n\t\t<\/section>\n\t\t\t\t\t\t\t<\/div>\n\t\t","protected":false},"excerpt":{"rendered":"<p>Ronja R\u00e4ubertochter Geboren in einer Gewitternacht w\u00e4chst die mutige Ronja inmitten einer wilden R\u00e4uberbande auf, deren Hauptmann ihr rauer aber liebender Vater Matis ist.\u00a0Sie entdeckt die Freiheit der W\u00e4ldern und sorgt f\u00fcr Unruhen als sie&hellip;<\/p>\n","protected":false},"author":1,"featured_media":0,"parent":0,"menu_order":0,"comment_status":"closed","ping_status":"closed","template":"","meta":[],"_links":{"self":[{"href":"https:\/\/www.toesstaler-marionetten.ch\/index.php?rest_route=\/wp\/v2\/pages\/210"}],"collection":[{"href":"https:\/\/www.toesstaler-marionetten.ch\/index.php?rest_route=\/wp\/v2\/pages"}],"about":[{"href":"https:\/\/www.toesstaler-marionetten.ch\/index.php?rest_route=\/wp\/v2\/types\/page"}],"author":[{"embeddable":true,"href":"https:\/\/www.toesstaler-marionetten.ch\/index.php?rest_route=\/wp\/v2\/users\/1"}],"replies":[{"embeddable":true,"href":"https:\/\/www.toesstaler-marionetten.ch\/index.php?rest_route=%2Fwp%2Fv2%2Fcomments&post=210"}],"version-history":[{"count":64,"href":"https:\/\/www.toesstaler-marionetten.ch\/index.php?rest_route=\/wp\/v2\/pages\/210\/revisions"}],"predecessor-version":[{"id":736,"href":"https:\/\/www.toesstaler-marionetten.ch\/index.php?rest_route=\/wp\/v2\/pages\/210\/revisions\/736"}],"wp:attachment":[{"href":"https:\/\/www.toesstaler-marionetten.ch\/index.php?rest_route=%2Fwp%2Fv2%2Fmedia&parent=210"}],"curies":[{"name":"wp","href":"https:\/\/api.w.org\/{rel}","templated":true}]}}