{"id":248,"date":"2022-02-17T21:26:58","date_gmt":"2022-02-17T21:26:58","guid":{"rendered":"https:\/\/www.toesstaler-marionetten.ch\/?page_id=248"},"modified":"2023-02-02T14:01:47","modified_gmt":"2023-02-02T14:01:47","slug":"der-alchemist","status":"publish","type":"page","link":"https:\/\/www.toesstaler-marionetten.ch\/?page_id=248","title":{"rendered":"Der Alchemist"},"content":{"rendered":"\t\t<div data-elementor-type=\"wp-page\" data-elementor-id=\"248\" class=\"elementor elementor-248\">\n\t\t\t\t\t\t\t\t\t<section class=\"elementor-section elementor-top-section elementor-element elementor-element-2544f3e elementor-section-boxed elementor-section-height-default elementor-section-height-default\" data-id=\"2544f3e\" data-element_type=\"section\">\n\t\t\t\t\t\t<div class=\"elementor-container elementor-column-gap-extended\">\n\t\t\t\t\t<div class=\"elementor-column elementor-col-33 elementor-top-column elementor-element elementor-element-70382d0 sc_layouts_column_icons_position_left\" data-id=\"70382d0\" data-element_type=\"column\">\n\t\t\t<div class=\"elementor-widget-wrap elementor-element-populated\">\n\t\t\t\t\t\t\t\t<div class=\"elementor-element elementor-element-980a0f7 elementor-widget elementor-widget-image\" data-id=\"980a0f7\" data-element_type=\"widget\" data-widget_type=\"image.default\">\n\t\t\t\t<div class=\"elementor-widget-container\">\n\t\t\t<style>\/*! elementor - v3.6.5 - 27-04-2022 *\/\n.elementor-widget-image{text-align:center}.elementor-widget-image a{display:inline-block}.elementor-widget-image a img[src$=\".svg\"]{width:48px}.elementor-widget-image img{vertical-align:middle;display:inline-block}<\/style>\t\t\t\t\t\t\t\t\t\t\t\t<img decoding=\"async\" width=\"768\" height=\"1024\" src=\"https:\/\/www.toesstaler-marionetten.ch\/wp-content\/uploads\/2023\/02\/Santiago_solo-768x1024.jpg\" class=\"attachment-large size-large\" alt=\"\" loading=\"lazy\" srcset=\"https:\/\/www.toesstaler-marionetten.ch\/wp-content\/uploads\/2023\/02\/Santiago_solo-768x1024.jpg 768w, https:\/\/www.toesstaler-marionetten.ch\/wp-content\/uploads\/2023\/02\/Santiago_solo-225x300.jpg 225w, https:\/\/www.toesstaler-marionetten.ch\/wp-content\/uploads\/2023\/02\/Santiago_solo-1152x1536.jpg 1152w, https:\/\/www.toesstaler-marionetten.ch\/wp-content\/uploads\/2023\/02\/Santiago_solo-370x493.jpg 370w, https:\/\/www.toesstaler-marionetten.ch\/wp-content\/uploads\/2023\/02\/Santiago_solo-812x1083.jpg 812w, https:\/\/www.toesstaler-marionetten.ch\/wp-content\/uploads\/2023\/02\/Santiago_solo-406x541.jpg 406w, https:\/\/www.toesstaler-marionetten.ch\/wp-content\/uploads\/2023\/02\/Santiago_solo.jpg 1536w\" sizes=\"(max-width: 768px) 100vw, 768px\" \/>\t\t\t\t\t\t\t\t\t\t\t\t\t\t\t<\/div>\n\t\t\t\t<\/div>\n\t\t\t\t\t<\/div>\n\t\t<\/div>\n\t\t\t\t<div class=\"elementor-column elementor-col-66 elementor-top-column elementor-element elementor-element-f19f9f4 sc_layouts_column_icons_position_left\" data-id=\"f19f9f4\" data-element_type=\"column\">\n\t\t\t<div class=\"elementor-widget-wrap elementor-element-populated\">\n\t\t\t\t\t\t\t\t<div class=\"elementor-element elementor-element-b6bcd47 elementor-widget elementor-widget-text-editor\" data-id=\"b6bcd47\" data-element_type=\"widget\" data-widget_type=\"text-editor.default\">\n\t\t\t\t<div class=\"elementor-widget-container\">\n\t\t\t<style>\/*! elementor - v3.6.5 - 27-04-2022 *\/\n.elementor-widget-text-editor.elementor-drop-cap-view-stacked .elementor-drop-cap{background-color:#818a91;color:#fff}.elementor-widget-text-editor.elementor-drop-cap-view-framed .elementor-drop-cap{color:#818a91;border:3px solid;background-color:transparent}.elementor-widget-text-editor:not(.elementor-drop-cap-view-default) .elementor-drop-cap{margin-top:8px}.elementor-widget-text-editor:not(.elementor-drop-cap-view-default) .elementor-drop-cap-letter{width:1em;height:1em}.elementor-widget-text-editor .elementor-drop-cap{float:left;text-align:center;line-height:1;font-size:50px}.elementor-widget-text-editor .elementor-drop-cap-letter{display:inline-block}<\/style>\t\t\t\t<p>\u00a0<\/p><div title=\"Page 1\"><div><div><p style=\"font-family: 'Open Sans', sans-serif; font-size: 15px; font-weight: 400; font-style: normal; margin-bottom: 1.15em;\"><span style=\"font-size: 17.3333px; font-weight: bold; text-align: justify;\">Der Achimist<\/span><\/p><p style=\"font-family: 'Open Sans', sans-serif; font-size: 15px; font-weight: 400; font-style: normal; margin-bottom: 1.15em;\"><span style=\"font-family: 'Times New Roman', serif; font-size: 16px; font-weight: 400; font-style: normal; color: #000000; text-align: justify;\">Eine geheimnisvolle Figurentheater-Reise f\u00fcr alle, die das Tr\u00e4umen nicht verlernt haben&#8230;<\/span><\/p><p style=\"font-family: 'Open Sans', sans-serif; font-size: 15px; font-weight: 400; font-style: normal; margin-bottom: 1.15em;\"><span style=\"font-style: normal; font-weight: 400; font-family: 'Times New Roman', serif; font-size: 16px; color: #000000; text-align: justify;\">Im St\u00fcck nach der Buchvorlage des brasilianischen Autoren Paulo Coelho geht es um den Mut des Herzens, ein Wagnis einzugehen und die pers\u00f6nlichen Lebenstr\u00e4ume wahr zu machen. Die Reise des Schafhirten Santjago zu den Pyramiden f\u00fchrt ihn \u00fcber geheimnisvolle Begegnungen mit Liebe und Tod durch die W\u00fcste zum ertr\u00e4umten Schatz.\u00a0<\/span><\/p><p style=\"font-family: 'Open Sans', sans-serif; font-size: 15px; font-weight: 400; font-style: normal; margin-bottom: 1.15em;\"><span style=\"font-style: normal; font-weight: 400; font-family: 'Times New Roman', serif; font-size: 16px; color: #000000; text-align: justify;\">Mit ausdrucksvollen Holzfiguren, Sprache und Musik setzt das Spiel die charakteristischen Akzente zur poetischen Umsetzung von Coelhos Roman.<\/span><\/p><p style=\"font-family: 'Open Sans', sans-serif; font-size: 17px; font-weight: 400; font-style: normal; margin-bottom: 1.15em;\">Spielzeit: ?? min. Geeignet f\u00fcr Erwachsene.<\/p><h6 style=\"font-family: 'Open Sans', sans-serif; font-style: normal; margin-bottom: 1.15em;\"><span style=\"font-family: Georgia; font-size: 10pt; font-weight: 400;\"><strong style=\"font-size: 13.3333px;\">\u00a0<\/strong><\/span><\/h6><h6 style=\"font-family: 'Open Sans', sans-serif; font-style: normal; margin-bottom: 1.15em;\"><span style=\"font-family: Georgia; font-size: 10pt; font-weight: 400;\"><strong style=\"font-size: 13.3333px;\">Spiel:<\/strong>\u00a0Werner B\u00fchlmann, Ursula Egli<\/span><\/h6><h6 style=\"font-family: 'Open Sans', sans-serif; font-style: normal; margin-bottom: 1.15em;\"><strong style=\"font-style: normal; font-family: Georgia; font-size: 13.3333px; margin-bottom: 0px;\">Regie:<\/strong><span style=\"font-style: normal; font-weight: 300; font-family: Georgia; font-size: 13.3333px;\">\u00a0Jan Weissenfeld<\/span><\/h6><h6 style=\"font-family: 'Open Sans', sans-serif; font-style: normal; margin-bottom: 1.15em;\"><strong style=\"font-style: normal; font-family: Georgia; font-size: 13.3333px; margin-bottom: 0px;\">Figuren:<\/strong><span style=\"font-style: normal; font-weight: 300; font-family: Georgia; font-size: 10pt;\">\u00a0Mimi Bu\u0308hlmann, Theodora B\u00fchlmann, Werner Bu\u0308hlmann<\/span><\/h6><h6 style=\"font-family: 'Open Sans', sans-serif; font-style: normal; margin-bottom: 1.15em;\"><strong style=\"font-style: normal; font-family: Georgia; font-size: 13.3333px; margin-bottom: 0px;\">Musik:<\/strong><span style=\"font-style: normal; font-family: Georgia; font-size: 10pt; font-weight: 300;\">\u00a0Klaus Grimmer<\/span><\/h6><\/div><\/div><\/div>\t\t\t\t\t\t<\/div>\n\t\t\t\t<\/div>\n\t\t\t\t\t<\/div>\n\t\t<\/div>\n\t\t\t\t\t\t\t<\/div>\n\t\t<\/section>\n\t\t\t\t<section class=\"elementor-section elementor-top-section elementor-element elementor-element-2dbe125 elementor-section-boxed elementor-section-height-default elementor-section-height-default\" data-id=\"2dbe125\" data-element_type=\"section\">\n\t\t\t\t\t\t<div class=\"elementor-container elementor-column-gap-extended\">\n\t\t\t\t\t<div class=\"elementor-column elementor-col-50 elementor-top-column elementor-element elementor-element-2f41e38 sc_layouts_column_icons_position_left\" data-id=\"2f41e38\" data-element_type=\"column\">\n\t\t\t<div class=\"elementor-widget-wrap elementor-element-populated\">\n\t\t\t\t\t\t\t\t<div class=\"elementor-element elementor-element-37121e8 elementor-widget elementor-widget-image\" data-id=\"37121e8\" data-element_type=\"widget\" data-widget_type=\"image.default\">\n\t\t\t\t<div class=\"elementor-widget-container\">\n\t\t\t\t\t\t\t\t\t\t\t\t\t\t\t<img decoding=\"async\" width=\"370\" height=\"370\" src=\"https:\/\/www.toesstaler-marionetten.ch\/wp-content\/uploads\/2023\/02\/alchimist3-370x370.jpg\" class=\"attachment-trx_addons-thumb-avatar size-trx_addons-thumb-avatar\" alt=\"\" loading=\"lazy\" srcset=\"https:\/\/www.toesstaler-marionetten.ch\/wp-content\/uploads\/2023\/02\/alchimist3-370x370.jpg 370w, https:\/\/www.toesstaler-marionetten.ch\/wp-content\/uploads\/2023\/02\/alchimist3-150x150.jpg 150w, https:\/\/www.toesstaler-marionetten.ch\/wp-content\/uploads\/2023\/02\/alchimist3-120x120.jpg 120w\" sizes=\"(max-width: 370px) 100vw, 370px\" \/>\t\t\t\t\t\t\t\t\t\t\t\t\t\t\t<\/div>\n\t\t\t\t<\/div>\n\t\t\t\t\t<\/div>\n\t\t<\/div>\n\t\t\t\t<div class=\"elementor-column elementor-col-50 elementor-top-column elementor-element elementor-element-5bb34eb sc_layouts_column_icons_position_left\" data-id=\"5bb34eb\" data-element_type=\"column\">\n\t\t\t<div class=\"elementor-widget-wrap elementor-element-populated\">\n\t\t\t\t\t\t\t\t<div class=\"elementor-element elementor-element-d372353 elementor-widget elementor-widget-image\" data-id=\"d372353\" data-element_type=\"widget\" data-widget_type=\"image.default\">\n\t\t\t\t<div class=\"elementor-widget-container\">\n\t\t\t\t\t\t\t\t\t\t\t\t\t\t\t<img decoding=\"async\" width=\"370\" height=\"370\" src=\"https:\/\/www.toesstaler-marionetten.ch\/wp-content\/uploads\/2023\/02\/alchimist1-370x370.jpg\" class=\"attachment-trx_addons-thumb-avatar size-trx_addons-thumb-avatar\" alt=\"\" loading=\"lazy\" srcset=\"https:\/\/www.toesstaler-marionetten.ch\/wp-content\/uploads\/2023\/02\/alchimist1-370x370.jpg 370w, https:\/\/www.toesstaler-marionetten.ch\/wp-content\/uploads\/2023\/02\/alchimist1-150x150.jpg 150w, https:\/\/www.toesstaler-marionetten.ch\/wp-content\/uploads\/2023\/02\/alchimist1-120x120.jpg 120w\" sizes=\"(max-width: 370px) 100vw, 370px\" \/>\t\t\t\t\t\t\t\t\t\t\t\t\t\t\t<\/div>\n\t\t\t\t<\/div>\n\t\t\t\t\t<\/div>\n\t\t<\/div>\n\t\t\t\t\t\t\t<\/div>\n\t\t<\/section>\n\t\t\t\t<section class=\"elementor-section elementor-top-section elementor-element elementor-element-44a44f1 elementor-section-boxed elementor-section-height-default elementor-section-height-default\" data-id=\"44a44f1\" data-element_type=\"section\">\n\t\t\t\t\t\t<div class=\"elementor-container elementor-column-gap-extended\">\n\t\t\t\t\t<div class=\"elementor-column elementor-col-50 elementor-top-column elementor-element elementor-element-fdec8cf sc_layouts_column_icons_position_left\" data-id=\"fdec8cf\" data-element_type=\"column\">\n\t\t\t<div class=\"elementor-widget-wrap elementor-element-populated\">\n\t\t\t\t\t\t\t\t<div class=\"elementor-element elementor-element-ff68a4b elementor-widget elementor-widget-image\" data-id=\"ff68a4b\" data-element_type=\"widget\" data-widget_type=\"image.default\">\n\t\t\t\t<div class=\"elementor-widget-container\">\n\t\t\t\t\t\t\t\t\t\t\t\t\t\t\t<img decoding=\"async\" width=\"600\" height=\"800\" src=\"https:\/\/www.toesstaler-marionetten.ch\/wp-content\/uploads\/2023\/02\/Kristallwarenhaendler-1.jpg\" class=\"attachment-large size-large\" alt=\"\" loading=\"lazy\" srcset=\"https:\/\/www.toesstaler-marionetten.ch\/wp-content\/uploads\/2023\/02\/Kristallwarenhaendler-1.jpg 600w, https:\/\/www.toesstaler-marionetten.ch\/wp-content\/uploads\/2023\/02\/Kristallwarenhaendler-1-225x300.jpg 225w, https:\/\/www.toesstaler-marionetten.ch\/wp-content\/uploads\/2023\/02\/Kristallwarenhaendler-1-370x493.jpg 370w, https:\/\/www.toesstaler-marionetten.ch\/wp-content\/uploads\/2023\/02\/Kristallwarenhaendler-1-406x541.jpg 406w\" sizes=\"(max-width: 600px) 100vw, 600px\" \/>\t\t\t\t\t\t\t\t\t\t\t\t\t\t\t<\/div>\n\t\t\t\t<\/div>\n\t\t\t\t\t<\/div>\n\t\t<\/div>\n\t\t\t\t<div class=\"elementor-column elementor-col-50 elementor-top-column elementor-element elementor-element-21e29f3 sc_layouts_column_icons_position_left\" data-id=\"21e29f3\" data-element_type=\"column\">\n\t\t\t<div class=\"elementor-widget-wrap elementor-element-populated\">\n\t\t\t\t\t\t\t\t<div class=\"elementor-element elementor-element-c4a44a1 elementor-widget elementor-widget-image\" data-id=\"c4a44a1\" data-element_type=\"widget\" data-widget_type=\"image.default\">\n\t\t\t\t<div class=\"elementor-widget-container\">\n\t\t\t\t\t\t\t\t\t\t\t\t\t\t\t<img decoding=\"async\" width=\"709\" height=\"945\" src=\"https:\/\/www.toesstaler-marionetten.ch\/wp-content\/uploads\/2023\/02\/Karawanenfuehrer.jpg\" class=\"attachment-large size-large\" alt=\"\" loading=\"lazy\" srcset=\"https:\/\/www.toesstaler-marionetten.ch\/wp-content\/uploads\/2023\/02\/Karawanenfuehrer.jpg 709w, https:\/\/www.toesstaler-marionetten.ch\/wp-content\/uploads\/2023\/02\/Karawanenfuehrer-225x300.jpg 225w, https:\/\/www.toesstaler-marionetten.ch\/wp-content\/uploads\/2023\/02\/Karawanenfuehrer-370x493.jpg 370w, https:\/\/www.toesstaler-marionetten.ch\/wp-content\/uploads\/2023\/02\/Karawanenfuehrer-406x541.jpg 406w\" sizes=\"(max-width: 709px) 100vw, 709px\" \/>\t\t\t\t\t\t\t\t\t\t\t\t\t\t\t<\/div>\n\t\t\t\t<\/div>\n\t\t\t\t\t<\/div>\n\t\t<\/div>\n\t\t\t\t\t\t\t<\/div>\n\t\t<\/section>\n\t\t\t\t<section class=\"elementor-section elementor-top-section elementor-element elementor-element-69151c4 elementor-section-boxed elementor-section-height-default elementor-section-height-default\" data-id=\"69151c4\" data-element_type=\"section\">\n\t\t\t\t\t\t<div class=\"elementor-container elementor-column-gap-extended\">\n\t\t\t\t\t<div class=\"elementor-column elementor-col-100 elementor-top-column elementor-element elementor-element-92f699d sc_layouts_column_icons_position_left\" data-id=\"92f699d\" data-element_type=\"column\">\n\t\t\t<div class=\"elementor-widget-wrap elementor-element-populated\">\n\t\t\t\t\t\t\t\t<div class=\"elementor-element elementor-element-a0be380 elementor-widget elementor-widget-text-editor\" data-id=\"a0be380\" data-element_type=\"widget\" data-widget_type=\"text-editor.default\">\n\t\t\t\t<div class=\"elementor-widget-container\">\n\t\t\t\t\t\t\t<h6 style=\"font-family: 'Open Sans', sans-serif; font-size: 1.2em; font-style: normal; text-align: center;\"><strong style=\"font-size: 19.2px;\"><span style=\"font-family: Georgia; font-size: 19.2px;\"><span style=\"font-size: 13.3333px;\">Buchung und Auskunft<\/span><\/span><\/strong><\/h6>\n<h6 style=\"font-family: 'Open Sans', sans-serif; font-size: 1.2em; font-style: normal; text-align: center;\"><span style=\"font-family: Georgia; font-size: 19.2px;\"><span style=\"font-size: 13.3333px;\"><span style=\"font-weight: bold;\">Werner B\u00fchlmann<\/span><\/span><\/span><\/h6>\n<h6 style=\"font-family: 'Open Sans', sans-serif; font-size: 1.2em; font-style: normal; text-align: center;\"><span style=\"font-family: Georgia; font-size: 19.2px;\"><span style=\"font-size: 13.3333px;\"><span style=\"font-weight: bold;\">werner@toesstaler-marionetten.ch<\/span><\/span><\/span><\/h6>\n<h6 style=\"font-family: 'Open Sans', sans-serif; font-size: 1.2em; font-style: normal; text-align: center;\">&nbsp;<\/h6>\t\t\t\t\t\t<\/div>\n\t\t\t\t<\/div>\n\t\t\t\t\t<\/div>\n\t\t<\/div>\n\t\t\t\t\t\t\t<\/div>\n\t\t<\/section>\n\t\t\t\t<section class=\"elementor-section elementor-top-section elementor-element elementor-element-231a618 elementor-section-boxed elementor-section-height-default elementor-section-height-default\" data-id=\"231a618\" data-element_type=\"section\">\n\t\t\t\t\t\t<div class=\"elementor-container elementor-column-gap-extended\">\n\t\t\t\t\t<div class=\"elementor-column elementor-col-100 elementor-top-column elementor-element elementor-element-4b14db0 sc_layouts_column_icons_position_left\" data-id=\"4b14db0\" data-element_type=\"column\">\n\t\t\t<div class=\"elementor-widget-wrap elementor-element-populated\">\n\t\t\t\t\t\t\t\t<div class=\"elementor-element elementor-element-dadbbb6 elementor-aspect-ratio-169 elementor-widget elementor-widget-video\" data-id=\"dadbbb6\" data-element_type=\"widget\" data-settings=\"{&quot;youtube_url&quot;:&quot;https:\\\/\\\/www.youtube.com\\\/watch?v=MDDDWQF2zmY&amp;t=1041s&quot;,&quot;start&quot;:0,&quot;end&quot;:89,&quot;autoplay&quot;:&quot;yes&quot;,&quot;modestbranding&quot;:&quot;yes&quot;,&quot;video_type&quot;:&quot;youtube&quot;,&quot;controls&quot;:&quot;yes&quot;,&quot;aspect_ratio&quot;:&quot;169&quot;}\" data-widget_type=\"video.default\">\n\t\t\t\t<div class=\"elementor-widget-container\">\n\t\t\t<style>\/*! elementor - v3.6.5 - 27-04-2022 *\/\n.elementor-widget-video .elementor-widget-container{overflow:hidden;-webkit-transform:translateZ(0);transform:translateZ(0)}.elementor-widget-video .elementor-open-inline .elementor-custom-embed-image-overlay{position:absolute;top:0;left:0;width:100%;height:100%;background-size:cover;background-position:50%}.elementor-widget-video .elementor-custom-embed-image-overlay{cursor:pointer;text-align:center}.elementor-widget-video .elementor-custom-embed-image-overlay:hover .elementor-custom-embed-play i{opacity:1}.elementor-widget-video .elementor-custom-embed-image-overlay img{display:block;width:100%}.elementor-widget-video .e-hosted-video .elementor-video{-o-object-fit:cover;object-fit:cover}<\/style>\t\t<div class=\"elementor-wrapper elementor-fit-aspect-ratio elementor-open-inline\">\n\t\t\t<div class=\"elementor-video\"><\/div>\t\t<\/div>\n\t\t\t\t<\/div>\n\t\t\t\t<\/div>\n\t\t\t\t\t<\/div>\n\t\t<\/div>\n\t\t\t\t\t\t\t<\/div>\n\t\t<\/section>\n\t\t\t\t\t\t\t<\/div>\n\t\t","protected":false},"excerpt":{"rendered":"<p>\u00a0 Der Achimist Eine geheimnisvolle Figurentheater-Reise f\u00fcr alle, die das Tr\u00e4umen nicht verlernt haben&#8230; Im St\u00fcck nach der Buchvorlage des brasilianischen Autoren Paulo Coelho geht es um den Mut des Herzens, ein Wagnis einzugehen und&hellip;<\/p>\n","protected":false},"author":1,"featured_media":0,"parent":0,"menu_order":0,"comment_status":"closed","ping_status":"closed","template":"","meta":[],"_links":{"self":[{"href":"https:\/\/www.toesstaler-marionetten.ch\/index.php?rest_route=\/wp\/v2\/pages\/248"}],"collection":[{"href":"https:\/\/www.toesstaler-marionetten.ch\/index.php?rest_route=\/wp\/v2\/pages"}],"about":[{"href":"https:\/\/www.toesstaler-marionetten.ch\/index.php?rest_route=\/wp\/v2\/types\/page"}],"author":[{"embeddable":true,"href":"https:\/\/www.toesstaler-marionetten.ch\/index.php?rest_route=\/wp\/v2\/users\/1"}],"replies":[{"embeddable":true,"href":"https:\/\/www.toesstaler-marionetten.ch\/index.php?rest_route=%2Fwp%2Fv2%2Fcomments&post=248"}],"version-history":[{"count":31,"href":"https:\/\/www.toesstaler-marionetten.ch\/index.php?rest_route=\/wp\/v2\/pages\/248\/revisions"}],"predecessor-version":[{"id":758,"href":"https:\/\/www.toesstaler-marionetten.ch\/index.php?rest_route=\/wp\/v2\/pages\/248\/revisions\/758"}],"wp:attachment":[{"href":"https:\/\/www.toesstaler-marionetten.ch\/index.php?rest_route=%2Fwp%2Fv2%2Fmedia&parent=248"}],"curies":[{"name":"wp","href":"https:\/\/api.w.org\/{rel}","templated":true}]}}