{"id":335,"date":"2022-02-21T10:45:46","date_gmt":"2022-02-21T10:45:46","guid":{"rendered":"http:\/\/www.toesstaler-marionetten.ch\/?page_id=335"},"modified":"2023-02-02T16:08:21","modified_gmt":"2023-02-02T16:08:21","slug":"de-tueuemling","status":"publish","type":"page","link":"https:\/\/www.toesstaler-marionetten.ch\/?page_id=335","title":{"rendered":"De T\u00fc\u00fcmling"},"content":{"rendered":"\t\t<div data-elementor-type=\"wp-page\" data-elementor-id=\"335\" class=\"elementor elementor-335\">\n\t\t\t\t\t\t\t\t\t<section class=\"elementor-section elementor-top-section elementor-element elementor-element-3a2ef2c elementor-section-boxed elementor-section-height-default elementor-section-height-default\" data-id=\"3a2ef2c\" data-element_type=\"section\">\n\t\t\t\t\t\t<div class=\"elementor-container elementor-column-gap-extended\">\n\t\t\t\t\t<div class=\"elementor-column elementor-col-50 elementor-top-column elementor-element elementor-element-581caf4 sc_layouts_column_icons_position_left\" data-id=\"581caf4\" data-element_type=\"column\">\n\t\t\t<div class=\"elementor-widget-wrap elementor-element-populated\">\n\t\t\t\t\t\t\t\t<div class=\"elementor-element elementor-element-bf5d9a1 elementor-widget elementor-widget-image\" data-id=\"bf5d9a1\" data-element_type=\"widget\" data-widget_type=\"image.default\">\n\t\t\t\t<div class=\"elementor-widget-container\">\n\t\t\t<style>\/*! elementor - v3.6.5 - 27-04-2022 *\/\n.elementor-widget-image{text-align:center}.elementor-widget-image a{display:inline-block}.elementor-widget-image a img[src$=\".svg\"]{width:48px}.elementor-widget-image img{vertical-align:middle;display:inline-block}<\/style>\t\t\t\t\t\t\t\t\t\t\t\t<img decoding=\"async\" width=\"768\" height=\"1024\" src=\"https:\/\/www.toesstaler-marionetten.ch\/wp-content\/uploads\/2022\/02\/WhatsApp-Image-2022-02-21-at-11.53.48.jpeg\" class=\"attachment-large size-large\" alt=\"\" loading=\"lazy\" srcset=\"https:\/\/www.toesstaler-marionetten.ch\/wp-content\/uploads\/2022\/02\/WhatsApp-Image-2022-02-21-at-11.53.48.jpeg 768w, https:\/\/www.toesstaler-marionetten.ch\/wp-content\/uploads\/2022\/02\/WhatsApp-Image-2022-02-21-at-11.53.48-225x300.jpeg 225w, https:\/\/www.toesstaler-marionetten.ch\/wp-content\/uploads\/2022\/02\/WhatsApp-Image-2022-02-21-at-11.53.48-370x493.jpeg 370w, https:\/\/www.toesstaler-marionetten.ch\/wp-content\/uploads\/2022\/02\/WhatsApp-Image-2022-02-21-at-11.53.48-406x541.jpeg 406w\" sizes=\"(max-width: 768px) 100vw, 768px\" \/>\t\t\t\t\t\t\t\t\t\t\t\t\t\t\t<\/div>\n\t\t\t\t<\/div>\n\t\t\t\t\t<\/div>\n\t\t<\/div>\n\t\t\t\t<div class=\"elementor-column elementor-col-50 elementor-top-column elementor-element elementor-element-de58697 sc_layouts_column_icons_position_left\" data-id=\"de58697\" data-element_type=\"column\">\n\t\t\t<div class=\"elementor-widget-wrap elementor-element-populated\">\n\t\t\t\t\t\t\t\t<div class=\"elementor-element elementor-element-be8d932 elementor-widget elementor-widget-text-editor\" data-id=\"be8d932\" data-element_type=\"widget\" data-widget_type=\"text-editor.default\">\n\t\t\t\t<div class=\"elementor-widget-container\">\n\t\t\t<style>\/*! elementor - v3.6.5 - 27-04-2022 *\/\n.elementor-widget-text-editor.elementor-drop-cap-view-stacked .elementor-drop-cap{background-color:#818a91;color:#fff}.elementor-widget-text-editor.elementor-drop-cap-view-framed .elementor-drop-cap{color:#818a91;border:3px solid;background-color:transparent}.elementor-widget-text-editor:not(.elementor-drop-cap-view-default) .elementor-drop-cap{margin-top:8px}.elementor-widget-text-editor:not(.elementor-drop-cap-view-default) .elementor-drop-cap-letter{width:1em;height:1em}.elementor-widget-text-editor .elementor-drop-cap{float:left;text-align:center;line-height:1;font-size:50px}.elementor-widget-text-editor .elementor-drop-cap-letter{display:inline-block}<\/style>\t\t\t\t<p><\/p>\n<div title=\"Page 1\">\n<p style=\"font-style: normal; margin-bottom: 1.15em; letter-spacing: normal;\"><span style=\"font-style: normal; text-align: justify; font-size: 17.3333px;\"><span style=\"color: #606060; font-family: Georgia;\"><b>De T\u00fc\u00fcmling<\/b><\/span><\/span><\/p>\n<p style=\"font-style: normal; margin-bottom: 1.15em; letter-spacing: normal;\"><span style=\"color: #000000; font-family: 'Times New Roman', serif; font-size: 16px; font-weight: 400; font-style: normal; text-align: justify;\">Geboren Mit Herzensmut und viel Humor packt der D\u00e4umling selbst in den verzwicktesten Situationen das Leben am Schopf und macht seinen Weg.&nbsp;<\/span><\/p>\n<p style=\"font-style: normal; margin-bottom: 1.15em; letter-spacing: normal;\"><span style=\"color: #000000; font-family: 'Times New Roman', serif; font-size: 16px; font-weight: 400; font-style: normal; text-align: justify;\">Obwohl er nur so gross ist wie ein Daumen, f\u00fchrt er die R\u00e4uber und sogar den gefr\u00e4ssigen Wolf an der Nase herum und kehrt als lachender Held zur\u00fcck.<\/span><\/p>\n<p style=\"font-style: normal; margin-bottom: 1.15em; letter-spacing: normal;\"><span style=\"color: #000000; font-family: 'Times New Roman', serif; font-size: 16px; font-weight: 400; font-style: normal; text-align: justify;\">Das Solost\u00fcck ist geeignet f\u00fcr kleine Gruppen und kann nahezu \u00fcberall aufgef\u00fchrt werden, wo ein Tisch und ein Dach ist.<\/span><\/p>\n<p style=\"font-family: 'Open Sans', sans-serif; font-size: 17px; font-weight: 400; font-style: normal; margin-bottom: 1.15em; color: #606060; letter-spacing: normal;\">Spielzeit: 50 min. Geeignet ab 4 Jahren. Mundart (oder B\u00fchnendeutsch).<\/p>\n<h6 style=\"font-family: 'Open Sans', sans-serif; font-style: normal; margin-bottom: 1.15em;\"><span style=\"font-family: Georgia; font-size: 10pt; font-weight: 400;\"><strong style=\"font-size: 13.3333px; margin-bottom: 0px;\">&nbsp;<\/strong><\/span><\/h6>\n<h6 style=\"font-family: 'Open Sans', sans-serif; font-style: normal; margin-bottom: 1.15em;\"><span style=\"font-family: Georgia; font-size: 10pt; font-weight: 400;\"><strong style=\"font-size: 13.3333px; margin-bottom: 0px;\">Spiel:<\/strong>&nbsp;Seraphin Schlager<\/span><\/h6>\n<h6 style=\"font-family: 'Open Sans', sans-serif; font-style: normal; margin-bottom: 1.15em;\"><strong style=\"font-family: Georgia; font-size: 13.3333px; font-style: normal; margin-bottom: 0px;\">Regie:<\/strong><span style=\"font-family: Georgia; font-size: 13.3333px; font-style: normal;\">&nbsp;Werner B\u00fchlmann<\/span><\/h6>\n<h6 style=\"font-family: 'Open Sans', sans-serif; font-style: normal; margin-bottom: 1.15em;\"><strong style=\"font-family: Georgia; font-size: 13.3333px; margin-bottom: 0px;\">Figuren:<\/strong><span style=\"font-family: Georgia; font-size: 10pt;\">&nbsp;Mimi Bu\u0308hlmann, Werner Bu\u0308hlmann<\/span><\/h6>\n<h6 style=\"font-family: 'Open Sans', sans-serif; font-style: normal; margin-bottom: 1.15em;\">&nbsp;<\/h6>\n<\/div>\t\t\t\t\t\t<\/div>\n\t\t\t\t<\/div>\n\t\t\t\t\t<\/div>\n\t\t<\/div>\n\t\t\t\t\t\t\t<\/div>\n\t\t<\/section>\n\t\t\t\t<section class=\"elementor-section elementor-top-section elementor-element elementor-element-79e55c8 elementor-section-boxed elementor-section-height-default elementor-section-height-default\" data-id=\"79e55c8\" data-element_type=\"section\">\n\t\t\t\t\t\t<div class=\"elementor-container elementor-column-gap-extended\">\n\t\t\t\t\t<div class=\"elementor-column elementor-col-33 elementor-top-column elementor-element elementor-element-3f75ca3 sc_layouts_column_icons_position_left\" data-id=\"3f75ca3\" data-element_type=\"column\">\n\t\t\t<div class=\"elementor-widget-wrap elementor-element-populated\">\n\t\t\t\t\t\t\t\t<div class=\"elementor-element elementor-element-368e1dc elementor-widget elementor-widget-image\" data-id=\"368e1dc\" data-element_type=\"widget\" data-widget_type=\"image.default\">\n\t\t\t\t<div class=\"elementor-widget-container\">\n\t\t\t\t\t\t\t\t\t\t\t\t\t\t\t<img decoding=\"async\" width=\"370\" height=\"493\" src=\"https:\/\/www.toesstaler-marionetten.ch\/wp-content\/uploads\/2023\/02\/IMG_1508-370x493.jpg\" class=\"attachment-trx_addons-thumb-portrait size-trx_addons-thumb-portrait\" alt=\"\" loading=\"lazy\" srcset=\"https:\/\/www.toesstaler-marionetten.ch\/wp-content\/uploads\/2023\/02\/IMG_1508-370x493.jpg 370w, https:\/\/www.toesstaler-marionetten.ch\/wp-content\/uploads\/2023\/02\/IMG_1508-225x300.jpg 225w, https:\/\/www.toesstaler-marionetten.ch\/wp-content\/uploads\/2023\/02\/IMG_1508-768x1024.jpg 768w, https:\/\/www.toesstaler-marionetten.ch\/wp-content\/uploads\/2023\/02\/IMG_1508-1152x1536.jpg 1152w, https:\/\/www.toesstaler-marionetten.ch\/wp-content\/uploads\/2023\/02\/IMG_1508-1536x2048.jpg 1536w, https:\/\/www.toesstaler-marionetten.ch\/wp-content\/uploads\/2023\/02\/IMG_1508-812x1083.jpg 812w, https:\/\/www.toesstaler-marionetten.ch\/wp-content\/uploads\/2023\/02\/IMG_1508-406x541.jpg 406w, https:\/\/www.toesstaler-marionetten.ch\/wp-content\/uploads\/2023\/02\/IMG_1508-scaled.jpg 1920w\" sizes=\"(max-width: 370px) 100vw, 370px\" \/>\t\t\t\t\t\t\t\t\t\t\t\t\t\t\t<\/div>\n\t\t\t\t<\/div>\n\t\t\t\t\t<\/div>\n\t\t<\/div>\n\t\t\t\t<div class=\"elementor-column elementor-col-33 elementor-top-column elementor-element elementor-element-c41eaf0 sc_layouts_column_icons_position_left\" data-id=\"c41eaf0\" data-element_type=\"column\">\n\t\t\t<div class=\"elementor-widget-wrap elementor-element-populated\">\n\t\t\t\t\t\t\t\t<div class=\"elementor-element elementor-element-2228aae elementor-widget elementor-widget-image\" data-id=\"2228aae\" data-element_type=\"widget\" data-widget_type=\"image.default\">\n\t\t\t\t<div class=\"elementor-widget-container\">\n\t\t\t\t\t\t\t\t\t\t\t\t\t\t\t<img decoding=\"async\" width=\"370\" height=\"493\" src=\"https:\/\/www.toesstaler-marionetten.ch\/wp-content\/uploads\/2023\/02\/Unknown-scaled-e1675345128358-370x493.jpeg\" class=\"attachment-trx_addons-thumb-portrait size-trx_addons-thumb-portrait\" alt=\"\" loading=\"lazy\" \/>\t\t\t\t\t\t\t\t\t\t\t\t\t\t\t<\/div>\n\t\t\t\t<\/div>\n\t\t\t\t\t<\/div>\n\t\t<\/div>\n\t\t\t\t<div class=\"elementor-column elementor-col-33 elementor-top-column elementor-element elementor-element-667ecf3 sc_layouts_column_icons_position_left\" data-id=\"667ecf3\" data-element_type=\"column\">\n\t\t\t<div class=\"elementor-widget-wrap elementor-element-populated\">\n\t\t\t\t\t\t\t\t<div class=\"elementor-element elementor-element-662ef58 elementor-widget elementor-widget-image\" data-id=\"662ef58\" data-element_type=\"widget\" data-widget_type=\"image.default\">\n\t\t\t\t<div class=\"elementor-widget-container\">\n\t\t\t\t\t\t\t\t\t\t\t\t\t\t\t<img decoding=\"async\" width=\"370\" height=\"493\" src=\"https:\/\/www.toesstaler-marionetten.ch\/wp-content\/uploads\/2022\/02\/WhatsApp-Image-2022-02-21-at-11.54.24-370x493.jpeg\" class=\"attachment-trx_addons-thumb-portrait size-trx_addons-thumb-portrait\" alt=\"\" loading=\"lazy\" srcset=\"https:\/\/www.toesstaler-marionetten.ch\/wp-content\/uploads\/2022\/02\/WhatsApp-Image-2022-02-21-at-11.54.24-370x493.jpeg 370w, https:\/\/www.toesstaler-marionetten.ch\/wp-content\/uploads\/2022\/02\/WhatsApp-Image-2022-02-21-at-11.54.24-225x300.jpeg 225w, https:\/\/www.toesstaler-marionetten.ch\/wp-content\/uploads\/2022\/02\/WhatsApp-Image-2022-02-21-at-11.54.24-406x541.jpeg 406w, https:\/\/www.toesstaler-marionetten.ch\/wp-content\/uploads\/2022\/02\/WhatsApp-Image-2022-02-21-at-11.54.24.jpeg 768w\" sizes=\"(max-width: 370px) 100vw, 370px\" \/>\t\t\t\t\t\t\t\t\t\t\t\t\t\t\t<\/div>\n\t\t\t\t<\/div>\n\t\t\t\t\t<\/div>\n\t\t<\/div>\n\t\t\t\t\t\t\t<\/div>\n\t\t<\/section>\n\t\t\t\t<section class=\"elementor-section elementor-top-section elementor-element elementor-element-741374d elementor-section-boxed elementor-section-height-default elementor-section-height-default\" data-id=\"741374d\" data-element_type=\"section\">\n\t\t\t\t\t\t<div class=\"elementor-container elementor-column-gap-extended\">\n\t\t\t\t\t<div class=\"elementor-column elementor-col-100 elementor-top-column elementor-element elementor-element-1df08c9 sc_layouts_column_icons_position_left\" data-id=\"1df08c9\" data-element_type=\"column\">\n\t\t\t<div class=\"elementor-widget-wrap elementor-element-populated\">\n\t\t\t\t\t\t\t\t<div class=\"elementor-element elementor-element-7070919 elementor-widget elementor-widget-text-editor\" data-id=\"7070919\" data-element_type=\"widget\" data-widget_type=\"text-editor.default\">\n\t\t\t\t<div class=\"elementor-widget-container\">\n\t\t\t\t\t\t\t<h6 style=\"font-family: 'Open Sans', sans-serif; font-size: 1.2em; font-style: normal; text-align: center;\"><strong style=\"font-size: 19.2px;\"><span style=\"font-family: Georgia; font-size: 19.2px;\"><span style=\"font-size: 13.3333px;\">Buchung und Auskunft<\/span><\/span><\/strong><\/h6><h6 style=\"font-family: 'Open Sans', sans-serif; font-size: 1.2em; font-style: normal; text-align: center;\"><span style=\"font-family: Georgia; font-size: 19.2px;\"><span style=\"font-size: 13.3333px;\"><b>Seraphin Schlager<\/b><\/span><\/span><\/h6><h6 style=\"font-family: 'Open Sans', sans-serif; font-size: 1.2em; font-style: normal; text-align: center;\"><span style=\"font-family: Georgia; font-size: 19.2px;\"><span style=\"font-size: 13.3333px;\"><b>seraphin@toesstaler-marionetten.ch<\/b><\/span><\/span><\/h6><h6 style=\"font-family: 'Open Sans', sans-serif; font-size: 1.2em; font-style: normal; text-align: center;\"><span style=\"font-family: Georgia; font-size: 19.2px;\"><span style=\"font-size: 13.3333px;\"><b>+41 (0)77 485 81 05<\/b><\/span><\/span><\/h6>\t\t\t\t\t\t<\/div>\n\t\t\t\t<\/div>\n\t\t\t\t\t<\/div>\n\t\t<\/div>\n\t\t\t\t\t\t\t<\/div>\n\t\t<\/section>\n\t\t\t\t\t\t\t<\/div>\n\t\t","protected":false},"excerpt":{"rendered":"<p>De T\u00fc\u00fcmling Geboren Mit Herzensmut und viel Humor packt der D\u00e4umling selbst in den verzwicktesten Situationen das Leben am Schopf und macht seinen Weg.&nbsp; Obwohl er nur so gross ist wie ein Daumen, f\u00fchrt er&hellip;<\/p>\n","protected":false},"author":1,"featured_media":0,"parent":0,"menu_order":0,"comment_status":"closed","ping_status":"closed","template":"","meta":[],"_links":{"self":[{"href":"https:\/\/www.toesstaler-marionetten.ch\/index.php?rest_route=\/wp\/v2\/pages\/335"}],"collection":[{"href":"https:\/\/www.toesstaler-marionetten.ch\/index.php?rest_route=\/wp\/v2\/pages"}],"about":[{"href":"https:\/\/www.toesstaler-marionetten.ch\/index.php?rest_route=\/wp\/v2\/types\/page"}],"author":[{"embeddable":true,"href":"https:\/\/www.toesstaler-marionetten.ch\/index.php?rest_route=\/wp\/v2\/users\/1"}],"replies":[{"embeddable":true,"href":"https:\/\/www.toesstaler-marionetten.ch\/index.php?rest_route=%2Fwp%2Fv2%2Fcomments&post=335"}],"version-history":[{"count":16,"href":"https:\/\/www.toesstaler-marionetten.ch\/index.php?rest_route=\/wp\/v2\/pages\/335\/revisions"}],"predecessor-version":[{"id":777,"href":"https:\/\/www.toesstaler-marionetten.ch\/index.php?rest_route=\/wp\/v2\/pages\/335\/revisions\/777"}],"wp:attachment":[{"href":"https:\/\/www.toesstaler-marionetten.ch\/index.php?rest_route=%2Fwp%2Fv2%2Fmedia&parent=335"}],"curies":[{"name":"wp","href":"https:\/\/api.w.org\/{rel}","templated":true}]}}