{"id":361,"date":"2022-02-21T11:07:29","date_gmt":"2022-02-21T11:07:29","guid":{"rendered":"http:\/\/www.toesstaler-marionetten.ch\/?page_id=361"},"modified":"2022-02-21T11:09:23","modified_gmt":"2022-02-21T11:09:23","slug":"chaefer","status":"publish","type":"page","link":"https:\/\/www.toesstaler-marionetten.ch\/?page_id=361","title":{"rendered":"Ch\u00e4fer"},"content":{"rendered":"\t\t<div data-elementor-type=\"wp-page\" data-elementor-id=\"361\" class=\"elementor elementor-361\">\n\t\t\t\t\t\t\t\t\t<section class=\"elementor-section elementor-top-section elementor-element elementor-element-ad905d3 elementor-section-boxed elementor-section-height-default elementor-section-height-default\" data-id=\"ad905d3\" data-element_type=\"section\">\n\t\t\t\t\t\t<div class=\"elementor-container elementor-column-gap-extended\">\n\t\t\t\t\t<div class=\"elementor-column elementor-col-33 elementor-top-column elementor-element elementor-element-c7e8c17 sc_layouts_column_icons_position_left\" data-id=\"c7e8c17\" data-element_type=\"column\">\n\t\t\t<div class=\"elementor-widget-wrap elementor-element-populated\">\n\t\t\t\t\t\t\t\t<div class=\"elementor-element elementor-element-6890bb4 elementor-widget elementor-widget-image\" data-id=\"6890bb4\" data-element_type=\"widget\" data-widget_type=\"image.default\">\n\t\t\t\t<div class=\"elementor-widget-container\">\n\t\t\t<style>\/*! elementor - v3.6.5 - 27-04-2022 *\/\n.elementor-widget-image{text-align:center}.elementor-widget-image a{display:inline-block}.elementor-widget-image a img[src$=\".svg\"]{width:48px}.elementor-widget-image img{vertical-align:middle;display:inline-block}<\/style>\t\t\t\t\t\t\t\t\t\t\t\t<img decoding=\"async\" width=\"1024\" height=\"694\" src=\"https:\/\/www.toesstaler-marionetten.ch\/wp-content\/uploads\/2022\/02\/kaefer1-1024x694.jpg\" class=\"attachment-large size-large\" alt=\"\" loading=\"lazy\" srcset=\"https:\/\/www.toesstaler-marionetten.ch\/wp-content\/uploads\/2022\/02\/kaefer1-1024x694.jpg 1024w, https:\/\/www.toesstaler-marionetten.ch\/wp-content\/uploads\/2022\/02\/kaefer1-300x203.jpg 300w, https:\/\/www.toesstaler-marionetten.ch\/wp-content\/uploads\/2022\/02\/kaefer1-768x520.jpg 768w, https:\/\/www.toesstaler-marionetten.ch\/wp-content\/uploads\/2022\/02\/kaefer1-370x251.jpg 370w, https:\/\/www.toesstaler-marionetten.ch\/wp-content\/uploads\/2022\/02\/kaefer1-812x550.jpg 812w, https:\/\/www.toesstaler-marionetten.ch\/wp-content\/uploads\/2022\/02\/kaefer1-406x275.jpg 406w, https:\/\/www.toesstaler-marionetten.ch\/wp-content\/uploads\/2022\/02\/kaefer1.jpg 1343w\" sizes=\"(max-width: 1024px) 100vw, 1024px\" \/>\t\t\t\t\t\t\t\t\t\t\t\t\t\t\t<\/div>\n\t\t\t\t<\/div>\n\t\t\t\t\t<\/div>\n\t\t<\/div>\n\t\t\t\t<div class=\"elementor-column elementor-col-66 elementor-top-column elementor-element elementor-element-1f6d1ce sc_layouts_column_icons_position_left\" data-id=\"1f6d1ce\" data-element_type=\"column\">\n\t\t\t<div class=\"elementor-widget-wrap elementor-element-populated\">\n\t\t\t\t\t\t\t\t<div class=\"elementor-element elementor-element-213fe7b elementor-widget elementor-widget-text-editor\" data-id=\"213fe7b\" data-element_type=\"widget\" data-widget_type=\"text-editor.default\">\n\t\t\t\t<div class=\"elementor-widget-container\">\n\t\t\t<style>\/*! elementor - v3.6.5 - 27-04-2022 *\/\n.elementor-widget-text-editor.elementor-drop-cap-view-stacked .elementor-drop-cap{background-color:#818a91;color:#fff}.elementor-widget-text-editor.elementor-drop-cap-view-framed .elementor-drop-cap{color:#818a91;border:3px solid;background-color:transparent}.elementor-widget-text-editor:not(.elementor-drop-cap-view-default) .elementor-drop-cap{margin-top:8px}.elementor-widget-text-editor:not(.elementor-drop-cap-view-default) .elementor-drop-cap-letter{width:1em;height:1em}.elementor-widget-text-editor .elementor-drop-cap{float:left;text-align:center;line-height:1;font-size:50px}.elementor-widget-text-editor .elementor-drop-cap-letter{display:inline-block}<\/style>\t\t\t\t<p style=\"margin: 0cm; line-height: 19.2px; font-size: 12pt; font-family: MinionPro-Regular; color: #000000; font-style: normal; font-weight: 400;\"><b><span lang=\"DE\" style=\"font-size: 13pt; line-height: 20.8px; font-family: Georgia, serif;\">VOM MARIECH\u00c4FERLI, WO GERN E BASSGYGE WORDE W\u00c4R&#8230;<br \/><br \/><\/span><\/b><\/p><p style=\"margin: 0cm; line-height: 19.2px; font-size: 12pt; font-family: MinionPro-Regular; color: #000000; font-style: normal; font-weight: 400;\"><span lang=\"DE\" style=\"font-size: 10pt; line-height: 16px; font-family: Georgia, serif;\">Weil das Marienk\u00e4ferchen nur zwei Punkte hat, wird es von den andern K\u00e4fern ausgelacht und traut sich nicht, am K\u00e4ferfest mitzutanzen. Ja, wenn es so einen Bauch voller T\u00f6ne h\u00e4tte wie die m\u00e4chtige Bassgeige&#8230; Zum Gl\u00fcck weiss der alte Musikant Rat und so endet die Suche des Marienk\u00e4fers vor dem geheimnisvollen Himmelsspiegel. Was ist wohl geschehen, dass jetzt auf seinem roten Mantel drei schwarze Punkte gl\u00e4nzen? Ein humorvoller Leckerbissen der T\u00f6sstaler-Marionetten f\u00fcr kleine und grosse Marienk\u00e4fer!<\/span><\/p><p style=\"margin: 0cm; line-height: 19.2px; font-size: 12pt; font-family: MinionPro-Regular; color: #000000; font-style: normal; font-weight: 400;\"><span lang=\"DE\" style=\"font-size: 10pt; line-height: 16px; font-family: Georgia, serif;\">\u00a0<\/span><\/p><p style=\"margin: 0cm; line-height: 19.2px; font-size: 12pt; font-family: MinionPro-Regular; color: #000000; font-style: normal; font-weight: 400;\"><span lang=\"DE\" style=\"font-size: 10pt; line-height: 16px; font-family: Georgia, serif;\">Geschichte und Spiel: Werner B\u00fchlmann<\/span><\/p><p style=\"margin: 0cm; line-height: 19.2px; font-size: 12pt; font-family: MinionPro-Regular; color: #000000; font-style: normal; font-weight: 400;\"><span lang=\"DE\" style=\"font-size: 10pt; line-height: 16px; font-family: Georgia, serif;\">Musik: Regula Isenschmid<\/span><\/p><p style=\"margin: 0cm; line-height: 19.2px; font-size: 12pt; font-family: MinionPro-Regular; color: #000000; font-style: normal; font-weight: 400;\"><span lang=\"DE\" style=\"font-size: 10pt; line-height: 16px; font-family: Georgia, serif;\">Decor\/Puppen: Margrit Steinmann<\/span><\/p><p style=\"margin: 0cm; line-height: 19.2px; font-size: 12pt; font-family: MinionPro-Regular; color: #000000; font-style: normal; font-weight: 400;\"><span lang=\"DE\" style=\"font-size: 10pt; line-height: 16px; font-family: Georgia, serif;\">\u00a0<\/span><\/p><p style=\"margin: 0cm; line-height: 19.2px; font-size: 12pt; font-family: MinionPro-Regular; color: #000000; font-style: normal; font-weight: 400;\">\u00a0<\/p><p style=\"margin: 0cm; line-height: 19.2px; font-size: 12pt; font-family: MinionPro-Regular; color: #000000; font-style: normal; font-weight: 400;\"><span lang=\"DE\" style=\"font-size: 10pt; line-height: 16px; font-family: Georgia, serif;\">\u00a0<\/span><\/p><p style=\"margin: 0cm; line-height: 19.2px; font-size: 12pt; font-family: MinionPro-Regular; color: #000000; font-style: normal; font-weight: 400;\"><span lang=\"DE\" style=\"font-size: 10pt; line-height: 16px; font-family: Georgia, serif;\">\u00a0<\/span><\/p><p style=\"margin: 0cm; line-height: 19.2px; font-size: 12pt; font-family: MinionPro-Regular; color: #000000; font-style: normal; font-weight: 400;\"><span lang=\"DE\" style=\"font-size: 10pt; line-height: 16px; font-family: Georgia, serif;\">Dialekt f\u00fcr Kinder ab vier Jahren, Dauer: 60 min<\/span><\/p>\t\t\t\t\t\t<\/div>\n\t\t\t\t<\/div>\n\t\t\t\t\t<\/div>\n\t\t<\/div>\n\t\t\t\t\t\t\t<\/div>\n\t\t<\/section>\n\t\t\t\t\t\t\t<\/div>\n\t\t","protected":false},"excerpt":{"rendered":"<p>VOM MARIECH\u00c4FERLI, WO GERN E BASSGYGE WORDE W\u00c4R&#8230; Weil das Marienk\u00e4ferchen nur zwei Punkte hat, wird es von den andern K\u00e4fern ausgelacht und traut sich nicht, am K\u00e4ferfest mitzutanzen. Ja, wenn es so einen Bauch&hellip;<\/p>\n","protected":false},"author":1,"featured_media":0,"parent":0,"menu_order":0,"comment_status":"closed","ping_status":"closed","template":"","meta":[],"_links":{"self":[{"href":"https:\/\/www.toesstaler-marionetten.ch\/index.php?rest_route=\/wp\/v2\/pages\/361"}],"collection":[{"href":"https:\/\/www.toesstaler-marionetten.ch\/index.php?rest_route=\/wp\/v2\/pages"}],"about":[{"href":"https:\/\/www.toesstaler-marionetten.ch\/index.php?rest_route=\/wp\/v2\/types\/page"}],"author":[{"embeddable":true,"href":"https:\/\/www.toesstaler-marionetten.ch\/index.php?rest_route=\/wp\/v2\/users\/1"}],"replies":[{"embeddable":true,"href":"https:\/\/www.toesstaler-marionetten.ch\/index.php?rest_route=%2Fwp%2Fv2%2Fcomments&post=361"}],"version-history":[{"count":7,"href":"https:\/\/www.toesstaler-marionetten.ch\/index.php?rest_route=\/wp\/v2\/pages\/361\/revisions"}],"predecessor-version":[{"id":370,"href":"https:\/\/www.toesstaler-marionetten.ch\/index.php?rest_route=\/wp\/v2\/pages\/361\/revisions\/370"}],"wp:attachment":[{"href":"https:\/\/www.toesstaler-marionetten.ch\/index.php?rest_route=%2Fwp%2Fv2%2Fmedia&parent=361"}],"curies":[{"name":"wp","href":"https:\/\/api.w.org\/{rel}","templated":true}]}}