{"id":371,"date":"2022-02-21T11:09:47","date_gmt":"2022-02-21T11:09:47","guid":{"rendered":"http:\/\/www.toesstaler-marionetten.ch\/?page_id=371"},"modified":"2022-10-14T13:22:54","modified_gmt":"2022-10-14T13:22:54","slug":"augustine","status":"publish","type":"page","link":"https:\/\/www.toesstaler-marionetten.ch\/?page_id=371","title":{"rendered":"Augustine"},"content":{"rendered":"\t\t<div data-elementor-type=\"wp-page\" data-elementor-id=\"371\" class=\"elementor elementor-371\">\n\t\t\t\t\t\t\t\t\t<section class=\"elementor-section elementor-top-section elementor-element elementor-element-17cf9c6 elementor-section-boxed elementor-section-height-default elementor-section-height-default\" data-id=\"17cf9c6\" data-element_type=\"section\">\n\t\t\t\t\t\t<div class=\"elementor-container elementor-column-gap-extended\">\n\t\t\t\t\t<div class=\"elementor-column elementor-col-33 elementor-top-column elementor-element elementor-element-20e5221 sc_layouts_column_icons_position_left\" data-id=\"20e5221\" data-element_type=\"column\">\n\t\t\t<div class=\"elementor-widget-wrap elementor-element-populated\">\n\t\t\t\t\t\t\t\t<div class=\"elementor-element elementor-element-0280eff elementor-widget elementor-widget-image\" data-id=\"0280eff\" data-element_type=\"widget\" data-widget_type=\"image.default\">\n\t\t\t\t<div class=\"elementor-widget-container\">\n\t\t\t<style>\/*! elementor - v3.6.5 - 27-04-2022 *\/\n.elementor-widget-image{text-align:center}.elementor-widget-image a{display:inline-block}.elementor-widget-image a img[src$=\".svg\"]{width:48px}.elementor-widget-image img{vertical-align:middle;display:inline-block}<\/style>\t\t\t\t\t\t\t\t\t\t\t\t<img decoding=\"async\" width=\"681\" height=\"1024\" src=\"https:\/\/www.toesstaler-marionetten.ch\/wp-content\/uploads\/2022\/02\/roter-Vorhang-Augustine-1-681x1024.jpg\" class=\"attachment-large size-large\" alt=\"\" loading=\"lazy\" srcset=\"https:\/\/www.toesstaler-marionetten.ch\/wp-content\/uploads\/2022\/02\/roter-Vorhang-Augustine-1-681x1024.jpg 681w, https:\/\/www.toesstaler-marionetten.ch\/wp-content\/uploads\/2022\/02\/roter-Vorhang-Augustine-1-200x300.jpg 200w, https:\/\/www.toesstaler-marionetten.ch\/wp-content\/uploads\/2022\/02\/roter-Vorhang-Augustine-1-768x1154.jpg 768w, https:\/\/www.toesstaler-marionetten.ch\/wp-content\/uploads\/2022\/02\/roter-Vorhang-Augustine-1-1022x1536.jpg 1022w, https:\/\/www.toesstaler-marionetten.ch\/wp-content\/uploads\/2022\/02\/roter-Vorhang-Augustine-1-1363x2048.jpg 1363w, https:\/\/www.toesstaler-marionetten.ch\/wp-content\/uploads\/2022\/02\/roter-Vorhang-Augustine-1-370x556.jpg 370w, https:\/\/www.toesstaler-marionetten.ch\/wp-content\/uploads\/2022\/02\/roter-Vorhang-Augustine-1-812x1220.jpg 812w, https:\/\/www.toesstaler-marionetten.ch\/wp-content\/uploads\/2022\/02\/roter-Vorhang-Augustine-1-406x610.jpg 406w, https:\/\/www.toesstaler-marionetten.ch\/wp-content\/uploads\/2022\/02\/roter-Vorhang-Augustine-1-scaled.jpg 1703w\" sizes=\"(max-width: 681px) 100vw, 681px\" \/>\t\t\t\t\t\t\t\t\t\t\t\t\t\t\t<\/div>\n\t\t\t\t<\/div>\n\t\t\t\t\t<\/div>\n\t\t<\/div>\n\t\t\t\t<div class=\"elementor-column elementor-col-66 elementor-top-column elementor-element elementor-element-d93399d sc_layouts_column_icons_position_left\" data-id=\"d93399d\" data-element_type=\"column\">\n\t\t\t<div class=\"elementor-widget-wrap elementor-element-populated\">\n\t\t\t\t\t\t\t\t<div class=\"elementor-element elementor-element-b94513e elementor-widget elementor-widget-text-editor\" data-id=\"b94513e\" data-element_type=\"widget\" data-widget_type=\"text-editor.default\">\n\t\t\t\t<div class=\"elementor-widget-container\">\n\t\t\t<style>\/*! elementor - v3.6.5 - 27-04-2022 *\/\n.elementor-widget-text-editor.elementor-drop-cap-view-stacked .elementor-drop-cap{background-color:#818a91;color:#fff}.elementor-widget-text-editor.elementor-drop-cap-view-framed .elementor-drop-cap{color:#818a91;border:3px solid;background-color:transparent}.elementor-widget-text-editor:not(.elementor-drop-cap-view-default) .elementor-drop-cap{margin-top:8px}.elementor-widget-text-editor:not(.elementor-drop-cap-view-default) .elementor-drop-cap-letter{width:1em;height:1em}.elementor-widget-text-editor .elementor-drop-cap{float:left;text-align:center;line-height:1;font-size:50px}.elementor-widget-text-editor .elementor-drop-cap-letter{display:inline-block}<\/style>\t\t\t\t<h4 style=\"margin-right: 0cm; margin-left: 0cm; font-size: 12pt; font-family: 'Times New Roman', serif; color: #000000; font-style: normal; font-weight: 400;\">Augustine, die Frau des Zirkusclowns August h\u00e4lt Tag f\u00fcr Tag den Wohnwagen in Ordnung und k\u00fcmmert sich um die Kinder. Nachts tr\u00e4umt sie von einem eigenen Auftritt in der Manege. Bis zum Tag, an dem der Dumme August w\u00e4hrend der Zirkusvorstellung \u00a0nicht auftaucht und sie mutig f\u00fcr ihn einspringt.<\/h4><p style=\"margin-right: 0cm; margin-left: 0cm; font-size: 12pt; font-family: 'Times New Roman', serif; color: #000000; font-style: normal; font-weight: 400;\">Ein herzerfrischendes Figurenspiel der T\u00f6sstaler-Marionetten<\/p><p style=\"margin-right: 0cm; margin-left: 0cm; font-size: 12pt; font-family: 'Times New Roman', serif; color: #000000; font-style: normal; font-weight: 400;\">f\u00fcr Familien und Kinder ab 3 Jahren<\/p><p style=\"margin-right: 0cm; margin-left: 0cm; font-size: 12pt; font-family: 'Times New Roman', serif; color: #000000; font-style: normal; font-weight: 400;\">Frei nach Ottfried Preussler, Dialekt, Dauer 50 Min.<\/p><h4 style=\"margin-right: 0cm; margin-left: 0cm; font-size: 12pt; font-family: 'Times New Roman', serif; color: #000000; font-style: normal; font-weight: 400;\">Konzept, Decors und Figuren:\u00a0 Mariann Amstutz, Silvia Stadelmann<\/h4><p>Musik: Reto Ammann<\/p><p style=\"margin-right: 0cm; margin-left: 0cm; font-size: 12pt; font-family: 'Times New Roman', serif; color: #000000; font-style: normal; font-weight: 400;\">Regie: Werner B\u00fchlmann<\/p><h1 style=\"margin-right: 0cm; margin-left: 0cm; font-size: 12pt; font-family: 'Times New Roman', serif; color: #000000; font-style: normal; font-weight: 400;\"><strong>Noch immer zu sehen beim<span style=\"color: #ff0000;\">\u00a0<a style=\"color: #ff0000;\" href=\"https:\/\/www.figurentheater-matou.com\/\">Figurentheater Matou<\/a><\/span><\/strong><\/h1>\t\t\t\t\t\t<\/div>\n\t\t\t\t<\/div>\n\t\t\t\t\t<\/div>\n\t\t<\/div>\n\t\t\t\t\t\t\t<\/div>\n\t\t<\/section>\n\t\t\t\t\t\t\t<\/div>\n\t\t","protected":false},"excerpt":{"rendered":"<p>Augustine, die Frau des Zirkusclowns August h\u00e4lt Tag f\u00fcr Tag den Wohnwagen in Ordnung und k\u00fcmmert sich um die Kinder. Nachts tr\u00e4umt sie von einem eigenen Auftritt in der Manege. Bis zum Tag, an dem&hellip;<\/p>\n","protected":false},"author":1,"featured_media":0,"parent":0,"menu_order":0,"comment_status":"closed","ping_status":"closed","template":"","meta":[],"_links":{"self":[{"href":"https:\/\/www.toesstaler-marionetten.ch\/index.php?rest_route=\/wp\/v2\/pages\/371"}],"collection":[{"href":"https:\/\/www.toesstaler-marionetten.ch\/index.php?rest_route=\/wp\/v2\/pages"}],"about":[{"href":"https:\/\/www.toesstaler-marionetten.ch\/index.php?rest_route=\/wp\/v2\/types\/page"}],"author":[{"embeddable":true,"href":"https:\/\/www.toesstaler-marionetten.ch\/index.php?rest_route=\/wp\/v2\/users\/1"}],"replies":[{"embeddable":true,"href":"https:\/\/www.toesstaler-marionetten.ch\/index.php?rest_route=%2Fwp%2Fv2%2Fcomments&post=371"}],"version-history":[{"count":16,"href":"https:\/\/www.toesstaler-marionetten.ch\/index.php?rest_route=\/wp\/v2\/pages\/371\/revisions"}],"predecessor-version":[{"id":670,"href":"https:\/\/www.toesstaler-marionetten.ch\/index.php?rest_route=\/wp\/v2\/pages\/371\/revisions\/670"}],"wp:attachment":[{"href":"https:\/\/www.toesstaler-marionetten.ch\/index.php?rest_route=%2Fwp%2Fv2%2Fmedia&parent=371"}],"curies":[{"name":"wp","href":"https:\/\/api.w.org\/{rel}","templated":true}]}}