{"id":384,"date":"2022-02-21T11:13:39","date_gmt":"2022-02-21T11:13:39","guid":{"rendered":"http:\/\/www.toesstaler-marionetten.ch\/?page_id=384"},"modified":"2022-02-21T11:15:24","modified_gmt":"2022-02-21T11:15:24","slug":"die-fee-im-rosenteich","status":"publish","type":"page","link":"https:\/\/www.toesstaler-marionetten.ch\/?page_id=384","title":{"rendered":"Die Fee im Rosenteich"},"content":{"rendered":"\t\t<div data-elementor-type=\"wp-page\" data-elementor-id=\"384\" class=\"elementor elementor-384\">\n\t\t\t\t\t\t\t\t\t<section class=\"elementor-section elementor-top-section elementor-element elementor-element-01d28bb elementor-section-boxed elementor-section-height-default elementor-section-height-default\" data-id=\"01d28bb\" data-element_type=\"section\">\n\t\t\t\t\t\t<div class=\"elementor-container elementor-column-gap-extended\">\n\t\t\t\t\t<div class=\"elementor-column elementor-col-33 elementor-top-column elementor-element elementor-element-afecba9 sc_layouts_column_icons_position_left\" data-id=\"afecba9\" data-element_type=\"column\">\n\t\t\t<div class=\"elementor-widget-wrap elementor-element-populated\">\n\t\t\t\t\t\t\t\t<div class=\"elementor-element elementor-element-eb02501 elementor-widget elementor-widget-image\" data-id=\"eb02501\" data-element_type=\"widget\" data-widget_type=\"image.default\">\n\t\t\t\t<div class=\"elementor-widget-container\">\n\t\t\t<style>\/*! elementor - v3.6.5 - 27-04-2022 *\/\n.elementor-widget-image{text-align:center}.elementor-widget-image a{display:inline-block}.elementor-widget-image a img[src$=\".svg\"]{width:48px}.elementor-widget-image img{vertical-align:middle;display:inline-block}<\/style>\t\t\t\t\t\t\t\t\t\t\t\t<img decoding=\"async\" width=\"510\" height=\"680\" src=\"https:\/\/www.toesstaler-marionetten.ch\/wp-content\/uploads\/2022\/02\/FeeFavorit.jpg\" class=\"attachment-large size-large\" alt=\"\" loading=\"lazy\" srcset=\"https:\/\/www.toesstaler-marionetten.ch\/wp-content\/uploads\/2022\/02\/FeeFavorit.jpg 510w, https:\/\/www.toesstaler-marionetten.ch\/wp-content\/uploads\/2022\/02\/FeeFavorit-225x300.jpg 225w, https:\/\/www.toesstaler-marionetten.ch\/wp-content\/uploads\/2022\/02\/FeeFavorit-370x493.jpg 370w, https:\/\/www.toesstaler-marionetten.ch\/wp-content\/uploads\/2022\/02\/FeeFavorit-406x541.jpg 406w\" sizes=\"(max-width: 510px) 100vw, 510px\" \/>\t\t\t\t\t\t\t\t\t\t\t\t\t\t\t<\/div>\n\t\t\t\t<\/div>\n\t\t\t\t\t<\/div>\n\t\t<\/div>\n\t\t\t\t<div class=\"elementor-column elementor-col-66 elementor-top-column elementor-element elementor-element-dd8080e sc_layouts_column_icons_position_left\" data-id=\"dd8080e\" data-element_type=\"column\">\n\t\t\t<div class=\"elementor-widget-wrap elementor-element-populated\">\n\t\t\t\t\t\t\t\t<div class=\"elementor-element elementor-element-b850f84 elementor-widget elementor-widget-text-editor\" data-id=\"b850f84\" data-element_type=\"widget\" data-widget_type=\"text-editor.default\">\n\t\t\t\t<div class=\"elementor-widget-container\">\n\t\t\t<style>\/*! elementor - v3.6.5 - 27-04-2022 *\/\n.elementor-widget-text-editor.elementor-drop-cap-view-stacked .elementor-drop-cap{background-color:#818a91;color:#fff}.elementor-widget-text-editor.elementor-drop-cap-view-framed .elementor-drop-cap{color:#818a91;border:3px solid;background-color:transparent}.elementor-widget-text-editor:not(.elementor-drop-cap-view-default) .elementor-drop-cap{margin-top:8px}.elementor-widget-text-editor:not(.elementor-drop-cap-view-default) .elementor-drop-cap-letter{width:1em;height:1em}.elementor-widget-text-editor .elementor-drop-cap{float:left;text-align:center;line-height:1;font-size:50px}.elementor-widget-text-editor .elementor-drop-cap-letter{display:inline-block}<\/style>\t\t\t\t<h1 style=\"margin: 0cm; break-after: avoid; font-size: 16pt; font-family: 'Times New Roman', serif; color: #000000; letter-spacing: normal;\"><span style=\"font-size: 14pt;\">\u00a0<\/span>M\u00e4rchen aus Bhutan<\/h1><p class=\"MsoNormal\" style=\"margin: 0cm; font-size: 12pt; font-family: 'Times New Roman', serif; color: #000000; font-style: normal; font-weight: 400;\"><span style=\"font-size: 14pt; font-family: Verdana, sans-serif;\">\u00a0<\/span><\/p><p class=\"MsoNormal\" style=\"margin: 0cm; font-size: 12pt; font-family: 'Times New Roman', serif; color: #000000; font-style: normal; font-weight: 400;\"><span style=\"font-family: Verdana, sans-serif; font-size: 14pt; font-style: normal; font-weight: normal;\">Figurentheater, eine Koproduktion der<\/span><\/p><h2 style=\"margin: 0cm; break-after: avoid; font-size: 12pt; font-family: 'Times New Roman', serif; font-style: italic; color: #000000;\"><span style=\"font-size: 14pt; font-family: Verdana, sans-serif; font-weight: normal; font-style: normal;\">T\u00f6sstaler-Marionetten<\/span><\/h2><h2 style=\"margin: 0cm; break-after: avoid; font-size: 12pt; font-family: 'Times New Roman', serif; font-style: italic; color: #000000;\"><span style=\"font-size: 14pt; font-family: Verdana, sans-serif; font-weight: normal; font-style: normal;\">und des Figurentheaters St.Gallen<\/span><\/h2><p class=\"MsoNormal\" style=\"margin: 0cm; font-size: 12pt; font-family: 'Times New Roman', serif; color: #000000; font-style: normal; font-weight: 400;\"><span style=\"font-size: 14pt; font-family: Verdana, sans-serif;\">\u00a0<\/span><\/p><p class=\"MsoNormal\" style=\"margin: 0cm; font-size: 12pt; font-family: 'Times New Roman', serif; color: #000000; font-style: normal; font-weight: 400;\"><span style=\"font-size: 14pt; font-family: Verdana, sans-serif;\">\u00a0<\/span><\/p><p class=\"MsoNormal\" style=\"margin: 0cm; font-size: 12pt; font-family: 'Times New Roman', serif; color: #000000; font-style: normal; font-weight: 400;\"><span style=\"font-size: 14pt; font-family: Verdana, sans-serif;\">Zwei K\u00f6nigskinder finden ihr Gl\u00fcck,<\/span><\/p><p class=\"MsoNormal\" style=\"margin: 0cm; font-size: 12pt; font-family: 'Times New Roman', serif; color: #000000; font-style: normal; font-weight: 400;\"><span style=\"font-size: 14pt; font-family: Verdana, sans-serif;\">aber erst m\u00fcssen sie das Abenteuer<\/span><\/p><p class=\"MsoNormal\" style=\"margin: 0cm; font-size: 12pt; font-family: 'Times New Roman', serif; color: #000000; font-style: normal; font-weight: 400;\"><span style=\"font-size: 14pt; font-family: Verdana, sans-serif;\">einer langen Reise bestehen&#8230;<\/span><\/p><p class=\"MsoNormal\" style=\"margin: 0cm; font-size: 12pt; font-family: 'Times New Roman', serif; color: #000000; font-style: normal; font-weight: 400;\"><span style=\"font-size: 14pt; font-family: Verdana, sans-serif;\">Dabei hilft ihnen ihre Mutter,<\/span><\/p><p class=\"MsoNormal\" style=\"margin: 0cm; font-size: 12pt; font-family: 'Times New Roman', serif; color: #000000; font-style: normal; font-weight: 400;\"><span style=\"font-size: 14pt; font-family: Verdana, sans-serif;\">die geheimnisvolle Fee aus<\/span><\/p><p class=\"MsoNormal\" style=\"margin: 0cm; font-size: 12pt; font-family: 'Times New Roman', serif; color: #000000; font-style: normal; font-weight: 400;\"><span style=\"font-size: 14pt; font-family: Verdana, sans-serif;\">dem Rosenteich.<\/span><\/p><p class=\"MsoNormal\" style=\"margin: 0cm; font-size: 12pt; font-family: 'Times New Roman', serif; color: #000000; font-style: normal; font-weight: 400;\"><span style=\"font-size: 14pt; font-family: Verdana, sans-serif;\">\u00a0<\/span><\/p><p class=\"MsoNormal\" style=\"margin: 0cm; font-size: 12pt; font-family: 'Times New Roman', serif; color: #000000; font-style: normal; font-weight: 400;\"><span style=\"font-size: 14pt; font-family: Verdana, sans-serif;\">Spiel:\u00a0\u00a0\u00a0\u00a0\u00a0\u00a0\u00a0\u00a0\u00a0\u00a0\u00a0\u00a0 Werner B\u00fchlmann<\/span><\/p><p class=\"MsoNormal\" style=\"margin: 0cm; font-size: 12pt; font-family: 'Times New Roman', serif; color: #000000; font-style: normal; font-weight: 400;\"><span style=\"font-size: 14pt; font-family: Verdana, sans-serif;\">\u00a0\u00a0\u00a0\u00a0\u00a0\u00a0\u00a0\u00a0\u00a0\u00a0\u00a0\u00a0\u00a0\u00a0\u00a0\u00a0\u00a0\u00a0\u00a0\u00a0 Mariann Amstutz<\/span><\/p><p class=\"MsoNormal\" style=\"margin: 0cm; font-size: 12pt; font-family: 'Times New Roman', serif; color: #000000; font-style: normal; font-weight: 400;\"><span style=\"font-size: 14pt; font-family: Verdana, sans-serif;\">Regie:\u00a0\u00a0\u00a0\u00a0\u00a0\u00a0\u00a0\u00a0\u00a0\u00a0\u00a0 Tobias Ryser<\/span><\/p><p class=\"MsoNormal\" style=\"margin: 0cm; font-size: 12pt; font-family: 'Times New Roman', serif; color: #000000; font-style: normal; font-weight: 400;\"><span style=\"font-size: 14pt; font-family: Verdana, sans-serif;\">Figuren:\u00a0\u00a0\u00a0\u00a0\u00a0\u00a0\u00a0\u00a0 Mirjam B\u00fchlmann<\/span><\/p><p class=\"MsoNormal\" style=\"margin: 0cm; font-size: 12pt; font-family: 'Times New Roman', serif; color: #000000; font-style: normal; font-weight: 400;\"><span style=\"font-size: 14pt; font-family: Verdana, sans-serif;\">Ausstattung:\u00a0\u00a0 Beatrice D\u00f6rig<\/span><\/p><p class=\"MsoNormal\" style=\"margin: 0cm; font-size: 12pt; font-family: 'Times New Roman', serif; color: #000000; font-style: normal; font-weight: 400;\"><span style=\"font-size: 14pt; font-family: Verdana, sans-serif;\">Musik:\u00a0\u00a0\u00a0\u00a0\u00a0\u00a0\u00a0\u00a0\u00a0\u00a0\u00a0 Martin Schuhmacher<\/span><\/p><p class=\"MsoNormal\" style=\"margin: 0cm; font-size: 12pt; font-family: 'Times New Roman', serif; color: #000000; font-style: normal; font-weight: 400;\"><span style=\"font-size: 14pt; font-family: Verdana, sans-serif;\">Ton:\u00a0\u00a0\u00a0\u00a0\u00a0\u00a0\u00a0\u00a0\u00a0\u00a0\u00a0\u00a0\u00a0\u00a0 Klaus Grimmer<\/span><\/p><p class=\"MsoNormal\" style=\"margin: 0cm; font-size: 12pt; font-family: 'Times New Roman', serif; color: #000000; font-style: normal; font-weight: 400;\"><span style=\"font-size: 14pt; font-family: Verdana, sans-serif;\">\u00a0<\/span><\/p><p class=\"MsoNormal\" style=\"margin: 0cm; font-size: 12pt; font-family: 'Times New Roman', serif; color: #000000; font-style: normal; font-weight: 400;\"><span style=\"font-size: 14pt; font-family: Verdana, sans-serif;\">\u00a0<\/span><\/p>\t\t\t\t\t\t<\/div>\n\t\t\t\t<\/div>\n\t\t\t\t\t<\/div>\n\t\t<\/div>\n\t\t\t\t\t\t\t<\/div>\n\t\t<\/section>\n\t\t\t\t\t\t\t<\/div>\n\t\t","protected":false},"excerpt":{"rendered":"<p>\u00a0M\u00e4rchen aus Bhutan \u00a0 Figurentheater, eine Koproduktion der T\u00f6sstaler-Marionetten und des Figurentheaters St.Gallen \u00a0 \u00a0 Zwei K\u00f6nigskinder finden ihr Gl\u00fcck, aber erst m\u00fcssen sie das Abenteuer einer langen Reise bestehen&#8230; Dabei hilft ihnen ihre Mutter,&hellip;<\/p>\n","protected":false},"author":1,"featured_media":0,"parent":0,"menu_order":0,"comment_status":"closed","ping_status":"closed","template":"","meta":[],"_links":{"self":[{"href":"https:\/\/www.toesstaler-marionetten.ch\/index.php?rest_route=\/wp\/v2\/pages\/384"}],"collection":[{"href":"https:\/\/www.toesstaler-marionetten.ch\/index.php?rest_route=\/wp\/v2\/pages"}],"about":[{"href":"https:\/\/www.toesstaler-marionetten.ch\/index.php?rest_route=\/wp\/v2\/types\/page"}],"author":[{"embeddable":true,"href":"https:\/\/www.toesstaler-marionetten.ch\/index.php?rest_route=\/wp\/v2\/users\/1"}],"replies":[{"embeddable":true,"href":"https:\/\/www.toesstaler-marionetten.ch\/index.php?rest_route=%2Fwp%2Fv2%2Fcomments&post=384"}],"version-history":[{"count":7,"href":"https:\/\/www.toesstaler-marionetten.ch\/index.php?rest_route=\/wp\/v2\/pages\/384\/revisions"}],"predecessor-version":[{"id":393,"href":"https:\/\/www.toesstaler-marionetten.ch\/index.php?rest_route=\/wp\/v2\/pages\/384\/revisions\/393"}],"wp:attachment":[{"href":"https:\/\/www.toesstaler-marionetten.ch\/index.php?rest_route=%2Fwp%2Fv2%2Fmedia&parent=384"}],"curies":[{"name":"wp","href":"https:\/\/api.w.org\/{rel}","templated":true}]}}