{"id":67,"date":"2022-02-17T10:46:38","date_gmt":"2022-02-17T10:46:38","guid":{"rendered":"https:\/\/www.toesstaler-marionetten.ch\/?page_id=67"},"modified":"2022-10-13T10:59:13","modified_gmt":"2022-10-13T10:59:13","slug":"tickets","status":"publish","type":"page","link":"https:\/\/www.toesstaler-marionetten.ch\/?page_id=67","title":{"rendered":"Spielplan"},"content":{"rendered":"\t\t<div data-elementor-type=\"wp-page\" data-elementor-id=\"67\" class=\"elementor elementor-67\">\n\t\t\t\t\t\t\t\t\t<section class=\"elementor-section elementor-top-section elementor-element elementor-element-7e36d687 elementor-section-boxed elementor-section-height-default elementor-section-height-default\" data-id=\"7e36d687\" data-element_type=\"section\">\n\t\t\t\t\t\t<div class=\"elementor-container elementor-column-gap-extended\">\n\t\t\t\t\t<div class=\"elementor-column elementor-col-100 elementor-top-column elementor-element elementor-element-2aa32418 sc_layouts_column_icons_position_left\" data-id=\"2aa32418\" data-element_type=\"column\">\n\t\t\t<div class=\"elementor-widget-wrap elementor-element-populated\">\n\t\t\t\t\t\t\t\t\t<\/div>\n\t\t<\/div>\n\t\t\t\t\t\t\t<\/div>\n\t\t<\/section>\n\t\t\t\t\t\t\t<\/div>\n\t\t","protected":false},"excerpt":{"rendered":"<p>Ronja R\u00e4ubertochter 02 Nov &#8211; 02 Nov more information Ronja R\u00e4ubertocher 06 Nov &#8211; 06 Nov more information Ronja R\u00e4ubertochter 06 Nov &#8211; 06 Nov more information Ronja R\u00e4ubertochter 15 Jan &#8211; 15 Jan more&hellip;<\/p>\n","protected":false},"author":1,"featured_media":0,"parent":0,"menu_order":0,"comment_status":"closed","ping_status":"closed","template":"","meta":[],"_links":{"self":[{"href":"https:\/\/www.toesstaler-marionetten.ch\/index.php?rest_route=\/wp\/v2\/pages\/67"}],"collection":[{"href":"https:\/\/www.toesstaler-marionetten.ch\/index.php?rest_route=\/wp\/v2\/pages"}],"about":[{"href":"https:\/\/www.toesstaler-marionetten.ch\/index.php?rest_route=\/wp\/v2\/types\/page"}],"author":[{"embeddable":true,"href":"https:\/\/www.toesstaler-marionetten.ch\/index.php?rest_route=\/wp\/v2\/users\/1"}],"replies":[{"embeddable":true,"href":"https:\/\/www.toesstaler-marionetten.ch\/index.php?rest_route=%2Fwp%2Fv2%2Fcomments&post=67"}],"version-history":[{"count":12,"href":"https:\/\/www.toesstaler-marionetten.ch\/index.php?rest_route=\/wp\/v2\/pages\/67\/revisions"}],"predecessor-version":[{"id":608,"href":"https:\/\/www.toesstaler-marionetten.ch\/index.php?rest_route=\/wp\/v2\/pages\/67\/revisions\/608"}],"wp:attachment":[{"href":"https:\/\/www.toesstaler-marionetten.ch\/index.php?rest_route=%2Fwp%2Fv2%2Fmedia&parent=67"}],"curies":[{"name":"wp","href":"https:\/\/api.w.org\/{rel}","templated":true}]}}