{"id":70,"date":"2022-02-17T10:47:27","date_gmt":"2022-02-17T10:47:27","guid":{"rendered":"https:\/\/www.toesstaler-marionetten.ch\/?page_id=70"},"modified":"2023-02-02T16:13:07","modified_gmt":"2023-02-02T16:13:07","slug":"aktuelle-projekte","status":"publish","type":"page","link":"https:\/\/www.toesstaler-marionetten.ch\/?page_id=70","title":{"rendered":"Aktuelle St\u00fccke"},"content":{"rendered":"\t\t<div data-elementor-type=\"wp-page\" data-elementor-id=\"70\" class=\"elementor elementor-70\">\n\t\t\t\t\t\t\t\t\t<section class=\"elementor-section elementor-top-section elementor-element elementor-element-8b839a6 elementor-section-boxed elementor-section-height-default elementor-section-height-default\" data-id=\"8b839a6\" data-element_type=\"section\">\n\t\t\t\t\t\t<div class=\"elementor-container elementor-column-gap-extended\">\n\t\t\t\t\t<div class=\"elementor-column elementor-col-25 elementor-top-column elementor-element elementor-element-c287431 sc_layouts_column_icons_position_left\" data-id=\"c287431\" data-element_type=\"column\">\n\t\t\t<div class=\"elementor-widget-wrap elementor-element-populated\">\n\t\t\t\t\t\t\t\t<div class=\"elementor-element elementor-element-a59f49d elementor-widget elementor-widget-image\" data-id=\"a59f49d\" data-element_type=\"widget\" data-widget_type=\"image.default\">\n\t\t\t\t<div class=\"elementor-widget-container\">\n\t\t\t<style>\/*! elementor - v3.6.5 - 27-04-2022 *\/\n.elementor-widget-image{text-align:center}.elementor-widget-image a{display:inline-block}.elementor-widget-image a img[src$=\".svg\"]{width:48px}.elementor-widget-image img{vertical-align:middle;display:inline-block}<\/style>\t\t\t\t\t\t\t\t\t\t\t\t<img decoding=\"async\" width=\"370\" height=\"493\" src=\"https:\/\/www.toesstaler-marionetten.ch\/wp-content\/uploads\/2022\/10\/DSC09930-1-370x493.jpg\" class=\"attachment-trx_addons-thumb-portrait size-trx_addons-thumb-portrait\" alt=\"\" loading=\"lazy\" \/>\t\t\t\t\t\t\t\t\t\t\t\t\t\t\t<\/div>\n\t\t\t\t<\/div>\n\t\t\t\t\t<\/div>\n\t\t<\/div>\n\t\t\t\t<div class=\"elementor-column elementor-col-25 elementor-top-column elementor-element elementor-element-b0ec8bf sc_layouts_column_icons_position_left\" data-id=\"b0ec8bf\" data-element_type=\"column\">\n\t\t\t<div class=\"elementor-widget-wrap elementor-element-populated\">\n\t\t\t\t\t\t\t\t<div class=\"elementor-element elementor-element-58d9d4e elementor-widget elementor-widget-image\" data-id=\"58d9d4e\" data-element_type=\"widget\" data-widget_type=\"image.default\">\n\t\t\t\t<div class=\"elementor-widget-container\">\n\t\t\t\t\t\t\t\t\t\t\t\t\t\t\t<img decoding=\"async\" width=\"768\" height=\"1024\" src=\"https:\/\/www.toesstaler-marionetten.ch\/wp-content\/uploads\/2022\/02\/WhatsApp-Image-2022-02-21-at-11.53.48.jpeg\" class=\"attachment-large size-large\" alt=\"\" loading=\"lazy\" srcset=\"https:\/\/www.toesstaler-marionetten.ch\/wp-content\/uploads\/2022\/02\/WhatsApp-Image-2022-02-21-at-11.53.48.jpeg 768w, https:\/\/www.toesstaler-marionetten.ch\/wp-content\/uploads\/2022\/02\/WhatsApp-Image-2022-02-21-at-11.53.48-225x300.jpeg 225w, https:\/\/www.toesstaler-marionetten.ch\/wp-content\/uploads\/2022\/02\/WhatsApp-Image-2022-02-21-at-11.53.48-370x493.jpeg 370w, https:\/\/www.toesstaler-marionetten.ch\/wp-content\/uploads\/2022\/02\/WhatsApp-Image-2022-02-21-at-11.53.48-406x541.jpeg 406w\" sizes=\"(max-width: 768px) 100vw, 768px\" \/>\t\t\t\t\t\t\t\t\t\t\t\t\t\t\t<\/div>\n\t\t\t\t<\/div>\n\t\t\t\t\t<\/div>\n\t\t<\/div>\n\t\t\t\t<div class=\"elementor-column elementor-col-25 elementor-top-column elementor-element elementor-element-96bce9c sc_layouts_column_icons_position_left\" data-id=\"96bce9c\" data-element_type=\"column\">\n\t\t\t<div class=\"elementor-widget-wrap elementor-element-populated\">\n\t\t\t\t\t\t\t\t<div class=\"elementor-element elementor-element-a03b2f8 elementor-widget elementor-widget-image\" data-id=\"a03b2f8\" data-element_type=\"widget\" data-widget_type=\"image.default\">\n\t\t\t\t<div class=\"elementor-widget-container\">\n\t\t\t\t\t\t\t\t\t\t\t\t\t\t\t<img decoding=\"async\" width=\"297\" height=\"400\" src=\"https:\/\/www.toesstaler-marionetten.ch\/wp-content\/uploads\/2022\/02\/kbz_2014-03-30_05-e1645130400894-297x400.jpg\" class=\"attachment-ostende-thumb-extra-height size-ostende-thumb-extra-height\" alt=\"\" loading=\"lazy\" \/>\t\t\t\t\t\t\t\t\t\t\t\t\t\t\t<\/div>\n\t\t\t\t<\/div>\n\t\t\t\t\t<\/div>\n\t\t<\/div>\n\t\t\t\t<div class=\"elementor-column elementor-col-25 elementor-top-column elementor-element elementor-element-df45cff sc_layouts_column_icons_position_left\" data-id=\"df45cff\" data-element_type=\"column\">\n\t\t\t<div class=\"elementor-widget-wrap elementor-element-populated\">\n\t\t\t\t\t\t\t\t<div class=\"elementor-element elementor-element-e6362bf elementor-widget elementor-widget-image\" data-id=\"e6362bf\" data-element_type=\"widget\" data-widget_type=\"image.default\">\n\t\t\t\t<div class=\"elementor-widget-container\">\n\t\t\t\t\t\t\t\t\t\t\t\t\t\t\t<img decoding=\"async\" width=\"709\" height=\"945\" src=\"https:\/\/www.toesstaler-marionetten.ch\/wp-content\/uploads\/2022\/02\/Santiago.jpg\" class=\"attachment-large size-large\" alt=\"\" loading=\"lazy\" srcset=\"https:\/\/www.toesstaler-marionetten.ch\/wp-content\/uploads\/2022\/02\/Santiago.jpg 709w, https:\/\/www.toesstaler-marionetten.ch\/wp-content\/uploads\/2022\/02\/Santiago-225x300.jpg 225w, https:\/\/www.toesstaler-marionetten.ch\/wp-content\/uploads\/2022\/02\/Santiago-370x493.jpg 370w, https:\/\/www.toesstaler-marionetten.ch\/wp-content\/uploads\/2022\/02\/Santiago-406x541.jpg 406w\" sizes=\"(max-width: 709px) 100vw, 709px\" \/>\t\t\t\t\t\t\t\t\t\t\t\t\t\t\t<\/div>\n\t\t\t\t<\/div>\n\t\t\t\t\t<\/div>\n\t\t<\/div>\n\t\t\t\t\t\t\t<\/div>\n\t\t<\/section>\n\t\t\t\t<section class=\"elementor-section elementor-top-section elementor-element elementor-element-8046754 elementor-section-boxed elementor-section-height-default elementor-section-height-default\" data-id=\"8046754\" data-element_type=\"section\">\n\t\t\t\t\t\t<div class=\"elementor-container elementor-column-gap-extended\">\n\t\t\t\t\t<div class=\"elementor-column elementor-col-25 elementor-top-column elementor-element elementor-element-07fa2cf sc_layouts_column_icons_position_left\" data-id=\"07fa2cf\" data-element_type=\"column\">\n\t\t\t<div class=\"elementor-widget-wrap elementor-element-populated\">\n\t\t\t\t\t\t\t\t<div class=\"elementor-element elementor-element-adea839 elementor-widget elementor-widget-text-editor\" data-id=\"adea839\" data-element_type=\"widget\" data-widget_type=\"text-editor.default\">\n\t\t\t\t<div class=\"elementor-widget-container\">\n\t\t\t<style>\/*! elementor - v3.6.5 - 27-04-2022 *\/\n.elementor-widget-text-editor.elementor-drop-cap-view-stacked .elementor-drop-cap{background-color:#818a91;color:#fff}.elementor-widget-text-editor.elementor-drop-cap-view-framed .elementor-drop-cap{color:#818a91;border:3px solid;background-color:transparent}.elementor-widget-text-editor:not(.elementor-drop-cap-view-default) .elementor-drop-cap{margin-top:8px}.elementor-widget-text-editor:not(.elementor-drop-cap-view-default) .elementor-drop-cap-letter{width:1em;height:1em}.elementor-widget-text-editor .elementor-drop-cap{float:left;text-align:center;line-height:1;font-size:50px}.elementor-widget-text-editor .elementor-drop-cap-letter{display:inline-block}<\/style>\t\t\t\t<h6><strong>Ronja <\/strong><\/h6><h6><strong>R\u00e4ubertochter<\/strong><\/h6><p style=\"font-size: 15px;\"><a style=\"font-size: 15px; background-color: #ffffff;\" href=\"https:\/\/www.toesstaler-marionetten.ch\/?page_id=210\">Mehr Informationen<\/a><\/p>\t\t\t\t\t\t<\/div>\n\t\t\t\t<\/div>\n\t\t\t\t\t<\/div>\n\t\t<\/div>\n\t\t\t\t<div class=\"elementor-column elementor-col-25 elementor-top-column elementor-element elementor-element-3febf77 sc_layouts_column_icons_position_left\" data-id=\"3febf77\" data-element_type=\"column\">\n\t\t\t<div class=\"elementor-widget-wrap elementor-element-populated\">\n\t\t\t\t\t\t\t\t<div class=\"elementor-element elementor-element-645d01e elementor-widget elementor-widget-text-editor\" data-id=\"645d01e\" data-element_type=\"widget\" data-widget_type=\"text-editor.default\">\n\t\t\t\t<div class=\"elementor-widget-container\">\n\t\t\t\t\t\t\t<h6><strong>De T\u00fc\u00fcmling<\/strong><\/h6><p style=\"font-size: 15px;\"><a style=\"font-size: 15px; background-color: #ffffff;\" href=\"https:\/\/www.toesstaler-marionetten.ch\/?page_id=335\">Mehr Informationen<\/a><\/p>\t\t\t\t\t\t<\/div>\n\t\t\t\t<\/div>\n\t\t\t\t\t<\/div>\n\t\t<\/div>\n\t\t\t\t<div class=\"elementor-column elementor-col-25 elementor-top-column elementor-element elementor-element-e2f9b5b sc_layouts_column_icons_position_left\" data-id=\"e2f9b5b\" data-element_type=\"column\">\n\t\t\t<div class=\"elementor-widget-wrap elementor-element-populated\">\n\t\t\t\t\t\t\t\t<div class=\"elementor-element elementor-element-d6881a5 elementor-widget elementor-widget-text-editor\" data-id=\"d6881a5\" data-element_type=\"widget\" data-widget_type=\"text-editor.default\">\n\t\t\t\t<div class=\"elementor-widget-container\">\n\t\t\t\t\t\t\t<h6><strong>Schellenursli<\/strong><\/h6><p style=\"font-size: 15px;\"><a href=\"https:\/\/www.toesstaler-marionetten.ch\/?page_id=233\">Mehr Informationen<\/a><\/p>\t\t\t\t\t\t<\/div>\n\t\t\t\t<\/div>\n\t\t\t\t\t<\/div>\n\t\t<\/div>\n\t\t\t\t<div class=\"elementor-column elementor-col-25 elementor-top-column elementor-element elementor-element-b45998d sc_layouts_column_icons_position_left\" data-id=\"b45998d\" data-element_type=\"column\">\n\t\t\t<div class=\"elementor-widget-wrap elementor-element-populated\">\n\t\t\t\t\t\t\t\t<div class=\"elementor-element elementor-element-ad4ba48 elementor-widget elementor-widget-text-editor\" data-id=\"ad4ba48\" data-element_type=\"widget\" data-widget_type=\"text-editor.default\">\n\t\t\t\t<div class=\"elementor-widget-container\">\n\t\t\t\t\t\t\t<h6><strong>Der Alchemist<\/strong><\/h6><p style=\"font-size: 15px;\"><a href=\"https:\/\/www.toesstaler-marionetten.ch\/?page_id=248\">Mehr Informationen<\/a><\/p>\t\t\t\t\t\t<\/div>\n\t\t\t\t<\/div>\n\t\t\t\t\t<\/div>\n\t\t<\/div>\n\t\t\t\t\t\t\t<\/div>\n\t\t<\/section>\n\t\t\t\t<section class=\"elementor-section elementor-top-section elementor-element elementor-element-860cee1 elementor-section-boxed elementor-section-height-default elementor-section-height-default\" data-id=\"860cee1\" data-element_type=\"section\">\n\t\t\t\t\t\t<div class=\"elementor-container elementor-column-gap-extended\">\n\t\t\t\t\t<div class=\"elementor-column elementor-col-25 elementor-top-column elementor-element elementor-element-cc20b64 sc_layouts_column_icons_position_left\" data-id=\"cc20b64\" data-element_type=\"column\">\n\t\t\t<div class=\"elementor-widget-wrap elementor-element-populated\">\n\t\t\t\t\t\t\t\t<div class=\"elementor-element elementor-element-fb3acf8 elementor-widget elementor-widget-image\" data-id=\"fb3acf8\" data-element_type=\"widget\" data-widget_type=\"image.default\">\n\t\t\t\t<div class=\"elementor-widget-container\">\n\t\t\t\t\t\t\t\t\t\t\t\t\t\t\t<img decoding=\"async\" src=\"https:\/\/www.toesstaler-marionetten.ch\/wp-content\/plugins\/elementor\/assets\/images\/placeholder.png\" title=\"\" alt=\"\" \/>\t\t\t\t\t\t\t\t\t\t\t\t\t\t\t<\/div>\n\t\t\t\t<\/div>\n\t\t\t\t<div class=\"elementor-element elementor-element-8799c9a elementor-widget elementor-widget-text-editor\" data-id=\"8799c9a\" data-element_type=\"widget\" data-widget_type=\"text-editor.default\">\n\t\t\t\t<div class=\"elementor-widget-container\">\n\t\t\t\t\t\t\t<h6 style=\"font-family: 'Open Sans', sans-serif; font-style: normal; margin-bottom: 0.7em;\"><strong style=\"font-size: 18.75px;\">Peter und der Wolf<\/strong><\/h6><h6 style=\"font-family: 'Open Sans', sans-serif; font-style: normal; margin-bottom: 0.7em;\"><strong style=\"font-size: 18.75px;\">\u00a0<\/strong><\/h6>\t\t\t\t\t\t<\/div>\n\t\t\t\t<\/div>\n\t\t\t\t\t<\/div>\n\t\t<\/div>\n\t\t\t\t<div class=\"elementor-column elementor-col-25 elementor-top-column elementor-element elementor-element-93ee0db sc_layouts_column_icons_position_left\" data-id=\"93ee0db\" data-element_type=\"column\">\n\t\t\t<div class=\"elementor-widget-wrap elementor-element-populated\">\n\t\t\t\t\t\t\t\t<div class=\"elementor-element elementor-element-d23fa48 elementor-widget elementor-widget-image\" data-id=\"d23fa48\" data-element_type=\"widget\" data-widget_type=\"image.default\">\n\t\t\t\t<div class=\"elementor-widget-container\">\n\t\t\t\t\t\t\t\t\t\t\t\t\t\t\t<img decoding=\"async\" width=\"370\" height=\"493\" src=\"https:\/\/www.toesstaler-marionetten.ch\/wp-content\/uploads\/2023\/02\/C078EBA2-31A1-4202-9B6A-5A93E47BBEC4_1_105_c-370x493.jpeg\" class=\"attachment-trx_addons-thumb-portrait size-trx_addons-thumb-portrait\" alt=\"\" loading=\"lazy\" \/>\t\t\t\t\t\t\t\t\t\t\t\t\t\t\t<\/div>\n\t\t\t\t<\/div>\n\t\t\t\t<div class=\"elementor-element elementor-element-fc4077f elementor-widget elementor-widget-text-editor\" data-id=\"fc4077f\" data-element_type=\"widget\" data-widget_type=\"text-editor.default\">\n\t\t\t\t<div class=\"elementor-widget-container\">\n\t\t\t\t\t\t\t<h6 style=\"font-family: 'Open Sans', sans-serif; font-style: normal; margin-bottom: 0.7em;\"><strong style=\"font-size: 18.75px;\">Der Brunnen<\/strong><\/h6>\t\t\t\t\t\t<\/div>\n\t\t\t\t<\/div>\n\t\t\t\t\t<\/div>\n\t\t<\/div>\n\t\t\t\t<div class=\"elementor-column elementor-col-25 elementor-top-column elementor-element elementor-element-fc81814 sc_layouts_column_icons_position_left\" data-id=\"fc81814\" data-element_type=\"column\">\n\t\t\t<div class=\"elementor-widget-wrap elementor-element-populated\">\n\t\t\t\t\t\t\t\t<div class=\"elementor-element elementor-element-c775c9c e-transform elementor-widget elementor-widget-image\" data-id=\"c775c9c\" data-element_type=\"widget\" data-settings=\"{&quot;_transform_translateX_effect&quot;:{&quot;unit&quot;:&quot;px&quot;,&quot;size&quot;:0,&quot;sizes&quot;:[]},&quot;_transform_translateX_effect_tablet&quot;:{&quot;unit&quot;:&quot;px&quot;,&quot;size&quot;:&quot;&quot;,&quot;sizes&quot;:[]},&quot;_transform_translateX_effect_mobile&quot;:{&quot;unit&quot;:&quot;px&quot;,&quot;size&quot;:&quot;&quot;,&quot;sizes&quot;:[]},&quot;_transform_translateY_effect&quot;:{&quot;unit&quot;:&quot;px&quot;,&quot;size&quot;:&quot;&quot;,&quot;sizes&quot;:[]},&quot;_transform_translateY_effect_tablet&quot;:{&quot;unit&quot;:&quot;px&quot;,&quot;size&quot;:&quot;&quot;,&quot;sizes&quot;:[]},&quot;_transform_translateY_effect_mobile&quot;:{&quot;unit&quot;:&quot;px&quot;,&quot;size&quot;:&quot;&quot;,&quot;sizes&quot;:[]}}\" data-widget_type=\"image.default\">\n\t\t\t\t<div class=\"elementor-widget-container\">\n\t\t\t\t\t\t\t\t\t\t\t\t\t\t\t<img decoding=\"async\" width=\"370\" height=\"493\" src=\"https:\/\/www.toesstaler-marionetten.ch\/wp-content\/uploads\/2023\/02\/Lubomir-farbig-e1675336287538-370x493.jpg\" class=\"attachment-trx_addons-thumb-portrait size-trx_addons-thumb-portrait\" alt=\"\" loading=\"lazy\" \/>\t\t\t\t\t\t\t\t\t\t\t\t\t\t\t<\/div>\n\t\t\t\t<\/div>\n\t\t\t\t<div class=\"elementor-element elementor-element-963ea3c elementor-widget elementor-widget-text-editor\" data-id=\"963ea3c\" data-element_type=\"widget\" data-widget_type=\"text-editor.default\">\n\t\t\t\t<div class=\"elementor-widget-container\">\n\t\t\t\t\t\t\t<h6 style=\"font-family: 'Open Sans', sans-serif; font-style: normal; margin-bottom: 0.7em;\"><strong style=\"font-size: 18.75px;\">Lubomir<\/strong><\/h6>\t\t\t\t\t\t<\/div>\n\t\t\t\t<\/div>\n\t\t\t\t\t<\/div>\n\t\t<\/div>\n\t\t\t\t<div class=\"elementor-column elementor-col-25 elementor-top-column elementor-element elementor-element-a335319 sc_layouts_column_icons_position_left\" data-id=\"a335319\" data-element_type=\"column\">\n\t\t\t<div class=\"elementor-widget-wrap elementor-element-populated\">\n\t\t\t\t\t\t\t\t<div class=\"elementor-element elementor-element-01f8fff elementor-widget elementor-widget-image\" data-id=\"01f8fff\" data-element_type=\"widget\" data-widget_type=\"image.default\">\n\t\t\t\t<div class=\"elementor-widget-container\">\n\t\t\t\t\t\t\t\t\t\t\t\t\t\t\t<img decoding=\"async\" width=\"370\" height=\"493\" src=\"https:\/\/www.toesstaler-marionetten.ch\/wp-content\/uploads\/2022\/02\/kaefer1-370x493.jpg\" class=\"attachment-trx_addons-thumb-portrait size-trx_addons-thumb-portrait\" alt=\"\" loading=\"lazy\" \/>\t\t\t\t\t\t\t\t\t\t\t\t\t\t\t<\/div>\n\t\t\t\t<\/div>\n\t\t\t\t<div class=\"elementor-element elementor-element-88b082e elementor-widget elementor-widget-text-editor\" data-id=\"88b082e\" data-element_type=\"widget\" data-widget_type=\"text-editor.default\">\n\t\t\t\t<div class=\"elementor-widget-container\">\n\t\t\t\t\t\t\t<h6 style=\"font-family: 'Open Sans', sans-serif; font-style: normal;\"><strong style=\"font-family: 'Open Sans', sans-serif; font-size: 18.75px; font-style: normal;\">Vom Mariech\u00e4ferli<\/strong><\/h6>\t\t\t\t\t\t<\/div>\n\t\t\t\t<\/div>\n\t\t\t\t\t<\/div>\n\t\t<\/div>\n\t\t\t\t\t\t\t<\/div>\n\t\t<\/section>\n\t\t\t\t<section class=\"elementor-section elementor-top-section elementor-element elementor-element-d331b90 elementor-section-boxed elementor-section-height-default elementor-section-height-default\" data-id=\"d331b90\" data-element_type=\"section\">\n\t\t\t\t\t\t<div class=\"elementor-container elementor-column-gap-extended\">\n\t\t\t\t\t<div class=\"elementor-column elementor-col-25 elementor-top-column elementor-element elementor-element-706c53e sc_layouts_column_icons_position_left\" data-id=\"706c53e\" data-element_type=\"column\">\n\t\t\t<div class=\"elementor-widget-wrap elementor-element-populated\">\n\t\t\t\t\t\t\t\t<div class=\"elementor-element elementor-element-3ae67d1 elementor-widget elementor-widget-image\" data-id=\"3ae67d1\" data-element_type=\"widget\" data-widget_type=\"image.default\">\n\t\t\t\t<div class=\"elementor-widget-container\">\n\t\t\t\t\t\t\t\t\t\t\t\t\t\t\t<img decoding=\"async\" src=\"https:\/\/www.toesstaler-marionetten.ch\/wp-content\/plugins\/elementor\/assets\/images\/placeholder.png\" title=\"\" alt=\"\" \/>\t\t\t\t\t\t\t\t\t\t\t\t\t\t\t<\/div>\n\t\t\t\t<\/div>\n\t\t\t\t<div class=\"elementor-element elementor-element-f67b26c elementor-widget elementor-widget-text-editor\" data-id=\"f67b26c\" data-element_type=\"widget\" data-widget_type=\"text-editor.default\">\n\t\t\t\t<div class=\"elementor-widget-container\">\n\t\t\t\t\t\t\t<h6 style=\"font-family: 'Open Sans', sans-serif; font-style: normal; margin-bottom: 0.7em;\"><strong style=\"font-size: 18.75px;\">Fr\u00e4ulein Ophelias<\/strong><\/h6><h6 style=\"font-family: 'Open Sans', sans-serif; font-style: normal; margin-bottom: 0.7em;\"><strong style=\"font-size: 18.75px;\"><br><\/strong><\/h6><h6 style=\"font-family: 'Open Sans', sans-serif; font-style: normal; margin-bottom: 0.7em;\"><strong style=\"font-size: 18.75px;\">Schattenspiel<\/strong><\/h6>\t\t\t\t\t\t<\/div>\n\t\t\t\t<\/div>\n\t\t\t\t\t<\/div>\n\t\t<\/div>\n\t\t\t\t<div class=\"elementor-column elementor-col-25 elementor-top-column elementor-element elementor-element-a3a4200 sc_layouts_column_icons_position_left\" data-id=\"a3a4200\" data-element_type=\"column\">\n\t\t\t<div class=\"elementor-widget-wrap elementor-element-populated\">\n\t\t\t\t\t\t\t\t<div class=\"elementor-element elementor-element-b3a9691 elementor-widget elementor-widget-image\" data-id=\"b3a9691\" data-element_type=\"widget\" data-widget_type=\"image.default\">\n\t\t\t\t<div class=\"elementor-widget-container\">\n\t\t\t\t\t\t\t\t\t\t\t\t\t\t\t<img decoding=\"async\" width=\"456\" height=\"523\" src=\"https:\/\/www.toesstaler-marionetten.ch\/wp-content\/uploads\/2022\/02\/1-pasang-werni-1-e1675346617599.jpg\" class=\"attachment-large size-large\" alt=\"\" loading=\"lazy\" srcset=\"https:\/\/www.toesstaler-marionetten.ch\/wp-content\/uploads\/2022\/02\/1-pasang-werni-1-e1675346617599.jpg 456w, https:\/\/www.toesstaler-marionetten.ch\/wp-content\/uploads\/2022\/02\/1-pasang-werni-1-e1675346617599-262x300.jpg 262w, https:\/\/www.toesstaler-marionetten.ch\/wp-content\/uploads\/2022\/02\/1-pasang-werni-1-e1675346617599-370x424.jpg 370w, https:\/\/www.toesstaler-marionetten.ch\/wp-content\/uploads\/2022\/02\/1-pasang-werni-1-e1675346617599-406x467.jpg 406w\" sizes=\"(max-width: 456px) 100vw, 456px\" \/>\t\t\t\t\t\t\t\t\t\t\t\t\t\t\t<\/div>\n\t\t\t\t<\/div>\n\t\t\t\t<div class=\"elementor-element elementor-element-3a1600e elementor-widget elementor-widget-text-editor\" data-id=\"3a1600e\" data-element_type=\"widget\" data-widget_type=\"text-editor.default\">\n\t\t\t\t<div class=\"elementor-widget-container\">\n\t\t\t\t\t\t\t<h6 style=\"font-family: &quot;Open Sans&quot;, sans-serif; font-style: normal; margin-bottom: 0.7em;\"><strong style=\"font-size: 18.75px;\">Dova Sangmo<\/strong><\/h6>\t\t\t\t\t\t<\/div>\n\t\t\t\t<\/div>\n\t\t\t\t\t<\/div>\n\t\t<\/div>\n\t\t\t\t<div class=\"elementor-column elementor-col-25 elementor-top-column elementor-element elementor-element-7996b35 sc_layouts_column_icons_position_left\" data-id=\"7996b35\" data-element_type=\"column\">\n\t\t\t<div class=\"elementor-widget-wrap\">\n\t\t\t\t\t\t\t\t\t<\/div>\n\t\t<\/div>\n\t\t\t\t<div class=\"elementor-column elementor-col-25 elementor-top-column elementor-element elementor-element-9a344e8 sc_layouts_column_icons_position_left\" data-id=\"9a344e8\" data-element_type=\"column\">\n\t\t\t<div class=\"elementor-widget-wrap\">\n\t\t\t\t\t\t\t\t\t<\/div>\n\t\t<\/div>\n\t\t\t\t\t\t\t<\/div>\n\t\t<\/section>\n\t\t\t\t\t\t\t<\/div>\n\t\t","protected":false},"excerpt":{"rendered":"<p>Ronja R\u00e4ubertochter Mehr Informationen De T\u00fc\u00fcmling Mehr Informationen Schellenursli Mehr Informationen Der Alchemist Mehr Informationen Peter und der Wolf \u00a0 Der Brunnen Lubomir Vom Mariech\u00e4ferli Fr\u00e4ulein Ophelias Schattenspiel Dova Sangmo<\/p>\n","protected":false},"author":1,"featured_media":0,"parent":0,"menu_order":0,"comment_status":"closed","ping_status":"closed","template":"","meta":[],"_links":{"self":[{"href":"https:\/\/www.toesstaler-marionetten.ch\/index.php?rest_route=\/wp\/v2\/pages\/70"}],"collection":[{"href":"https:\/\/www.toesstaler-marionetten.ch\/index.php?rest_route=\/wp\/v2\/pages"}],"about":[{"href":"https:\/\/www.toesstaler-marionetten.ch\/index.php?rest_route=\/wp\/v2\/types\/page"}],"author":[{"embeddable":true,"href":"https:\/\/www.toesstaler-marionetten.ch\/index.php?rest_route=\/wp\/v2\/users\/1"}],"replies":[{"embeddable":true,"href":"https:\/\/www.toesstaler-marionetten.ch\/index.php?rest_route=%2Fwp%2Fv2%2Fcomments&post=70"}],"version-history":[{"count":105,"href":"https:\/\/www.toesstaler-marionetten.ch\/index.php?rest_route=\/wp\/v2\/pages\/70\/revisions"}],"predecessor-version":[{"id":786,"href":"https:\/\/www.toesstaler-marionetten.ch\/index.php?rest_route=\/wp\/v2\/pages\/70\/revisions\/786"}],"wp:attachment":[{"href":"https:\/\/www.toesstaler-marionetten.ch\/index.php?rest_route=%2Fwp%2Fv2%2Fmedia&parent=70"}],"curies":[{"name":"wp","href":"https:\/\/api.w.org\/{rel}","templated":true}]}}